{"id":1291,"date":"2024-06-18T15:24:09","date_gmt":"2024-06-18T08:24:09","guid":{"rendered":"https:\/\/khainamgroup.com\/?page_id=1291"},"modified":"2024-06-18T15:39:11","modified_gmt":"2024-06-18T08:39:11","slug":"fmcg","status":"publish","type":"page","link":"https:\/\/khainamgroup.com\/vi\/our-businesses\/fmcg\/","title":{"rendered":"h\u00e0ng ti\u00eau d\u00f9ng nhanh"},"content":{"rendered":"<div data-elementor-type=\"wp-page\" data-elementor-id=\"1291\" class=\"elementor elementor-1291\" data-elementor-post-type=\"page\">\n\t\t\t\t<div class=\"elementor-element elementor-element-2cb3234 e-flex e-con-boxed e-con e-parent\" data-id=\"2cb3234\" data-element_type=\"container\" data-e-type=\"container\" data-settings=\"{&quot;background_background&quot;:&quot;classic&quot;}\">\n\t\t\t\t\t<div class=\"e-con-inner\">\n\t\t<div class=\"elementor-element elementor-element-81e03f9 e-con-full e-flex e-con e-child\" data-id=\"81e03f9\" data-element_type=\"container\" data-e-type=\"container\">\n\t\t\t\t<\/div>\n\t\t\t\t\t<\/div>\n\t\t\t\t<\/div>\n\t\t<div class=\"elementor-element elementor-element-46a68b8 e-flex e-con-boxed e-con e-parent\" data-id=\"46a68b8\" data-element_type=\"container\" data-e-type=\"container\">\n\t\t\t\t\t<div class=\"e-con-inner\">\n\t\t<div class=\"elementor-element elementor-element-2be05d7 e-con-full e-flex e-con e-child\" data-id=\"2be05d7\" data-element_type=\"container\" data-e-type=\"container\">\n\t\t<div class=\"elementor-element elementor-element-73811a4 e-con-full e-flex elementor-invisible e-con e-child\" data-id=\"73811a4\" data-element_type=\"container\" data-e-type=\"container\" data-settings=\"{&quot;background_background&quot;:&quot;classic&quot;,&quot;animation&quot;:&quot;fadeInLeft&quot;}\">\n\t\t<div class=\"elementor-element elementor-element-0025201 e-con-full e-flex e-con e-child\" data-id=\"0025201\" data-element_type=\"container\" data-e-type=\"container\">\n\t\t\t\t<div class=\"elementor-element elementor-element-ae1cd7b elementor-widget elementor-widget-heading\" data-id=\"ae1cd7b\" data-element_type=\"widget\" data-e-type=\"widget\" data-widget_type=\"heading.default\">\n\t\t\t\t<div class=\"elementor-widget-container\">\n\t\t\t\t\t<h3 class=\"elementor-heading-title elementor-size-default\">\u1ea8m th\u1ef1c k\u1ebft h\u1ee3p b\u1ec1n v\u1eefng<\/h3>\t\t\t\t<\/div>\n\t\t\t\t<\/div>\n\t\t\t\t<div class=\"elementor-element elementor-element-3a21a92 elementor-widget elementor-widget-text-editor\" data-id=\"3a21a92\" data-element_type=\"widget\" data-e-type=\"widget\" data-widget_type=\"text-editor.default\">\n\t\t\t\t<div class=\"elementor-widget-container\">\n\t\t\t\t\t\t\t\t\t<p>Kh\u00e1m ph\u00e1 s\u1ef1 k\u1ebft h\u1ee3p h\u00e0i h\u00f2a gi\u1eefa truy\u1ec1n th\u1ed1ng v\u00e0 t\u00ednh b\u1ec1n v\u1eefng v\u1edbi m\u00f3n m\u00ec l\u00e0m t\u1eeb g\u1ea1o n\u1ed5i c\u1ee7a ch\u00fang t\u00f4i. Ch\u00fang t\u00f4i h\u1ed7 tr\u1ee3 n\u00f4ng d\u00e2n \u0111\u1ecba ph\u01b0\u01a1ng b\u1eb1ng c\u00e1ch b\u00e1n to\u00e0n b\u1ed9 s\u1ea3n l\u01b0\u1ee3ng l\u00faa n\u1ed5i c\u1ee7a h\u1ecd v\u1edbi gi\u00e1 h\u1ee3p l\u00fd. \u0110i\u1ec1u n\u00e0y \u0111\u1ea3m b\u1ea3o thu nh\u1eadp \u1ed5n \u0111\u1ecbnh cho n\u00f4ng d\u00e2n \u0111\u1ed3ng th\u1eddi th\u00fac \u0111\u1ea9y c\u00e1c ho\u1ea1t \u0111\u1ed9ng n\u00f4ng nghi\u1ec7p b\u1ec1n v\u1eefng.<\/p>\t\t\t\t\t\t\t\t<\/div>\n\t\t\t\t<\/div>\n\t\t\t\t<\/div>\n\t\t<div class=\"elementor-element elementor-element-eabc3cf e-con-full e-flex e-con e-child\" data-id=\"eabc3cf\" data-element_type=\"container\" data-e-type=\"container\">\n\t\t\t\t<div class=\"elementor-element elementor-element-040f53a elementor-widget elementor-widget-video\" data-id=\"040f53a\" data-element_type=\"widget\" data-e-type=\"widget\" data-settings=\"{&quot;video_type&quot;:&quot;hosted&quot;,&quot;controls&quot;:&quot;yes&quot;}\" data-widget_type=\"video.default\">\n\t\t\t\t<div class=\"elementor-widget-container\">\n\t\t\t\t\t\t\t<div class=\"e-hosted-video elementor-wrapper elementor-open-inline\">\n\t\t\t\t\t<video class=\"elementor-video\" src=\"https:\/\/khainamgroup.com\/wp-content\/uploads\/2024\/03\/Lua-mua-noi-duoc-hoi-sinh-.mp4\" controls=\"\" preload=\"metadata\" controlslist=\"nodownload\"><\/video>\n\t\t\t\t<\/div>\n\t\t\t\t\t\t<\/div>\n\t\t\t\t<\/div>\n\t\t\t\t<\/div>\n\t\t\t\t<\/div>\n\t\t<div class=\"elementor-element elementor-element-7c6d572 e-con-full e-flex elementor-invisible e-con e-child\" data-id=\"7c6d572\" data-element_type=\"container\" data-e-type=\"container\" data-settings=\"{&quot;background_background&quot;:&quot;classic&quot;,&quot;animation&quot;:&quot;fadeInRight&quot;}\">\n\t\t<div class=\"elementor-element elementor-element-98071bc e-con-full e-flex e-con e-child\" data-id=\"98071bc\" data-element_type=\"container\" data-e-type=\"container\">\n\t\t\t\t<div class=\"elementor-element elementor-element-cbfe4c5 elementor-widget elementor-widget-image\" data-id=\"cbfe4c5\" data-element_type=\"widget\" data-e-type=\"widget\" data-widget_type=\"image.default\">\n\t\t\t\t<div class=\"elementor-widget-container\">\n\t\t\t\t\t\t\t\t\t\t\t\t\t\t\t<img loading=\"lazy\" decoding=\"async\" width=\"1024\" height=\"683\" src=\"https:\/\/khainamgroup.com\/wp-content\/uploads\/2024\/04\/DSC06427-1024x683.jpg\" class=\"attachment-large size-large wp-image-704\" alt=\"\" srcset=\"https:\/\/khainamgroup.com\/wp-content\/uploads\/2024\/04\/DSC06427-1024x683.jpg 1024w, https:\/\/khainamgroup.com\/wp-content\/uploads\/2024\/04\/DSC06427-300x200.jpg 300w, https:\/\/khainamgroup.com\/wp-content\/uploads\/2024\/04\/DSC06427-768x512.jpg 768w, https:\/\/khainamgroup.com\/wp-content\/uploads\/2024\/04\/DSC06427-1536x1024.jpg 1536w, https:\/\/khainamgroup.com\/wp-content\/uploads\/2024\/04\/DSC06427-2048x1365.jpg 2048w\" sizes=\"auto, (max-width: 1024px) 100vw, 1024px\" \/>\t\t\t\t\t\t\t\t\t\t\t\t\t\t\t<\/div>\n\t\t\t\t<\/div>\n\t\t\t\t<\/div>\n\t\t<div class=\"elementor-element elementor-element-6f13f27 e-con-full e-flex e-con e-child\" data-id=\"6f13f27\" data-element_type=\"container\" data-e-type=\"container\">\n\t\t\t\t<div class=\"elementor-element elementor-element-404e761 elementor-widget elementor-widget-heading\" data-id=\"404e761\" data-element_type=\"widget\" data-e-type=\"widget\" data-widget_type=\"heading.default\">\n\t\t\t\t<div class=\"elementor-widget-container\">\n\t\t\t\t\t<h3 class=\"elementor-heading-title elementor-size-default\">Bi\u1ebfn truy\u1ec1n th\u1ed1ng th\u00e0nh h\u01b0\u01a1ng v\u1ecb<\/h3>\t\t\t\t<\/div>\n\t\t\t\t<\/div>\n\t\t\t\t<div class=\"elementor-element elementor-element-a7091be elementor-widget elementor-widget-text-editor\" data-id=\"a7091be\" data-element_type=\"widget\" data-e-type=\"widget\" data-widget_type=\"text-editor.default\">\n\t\t\t\t<div class=\"elementor-widget-container\">\n\t\t\t\t\t\t\t\t\t<p>T\u1eeb c\u01a1m tr\u00f4i n\u00e0y, ch\u00fang t\u00f4i t\u1ea1o ra c\u00e1c s\u1ea3n ph\u1ea9m c\u00f3 gi\u00e1 tr\u1ecb gia t\u0103ng nh\u01b0 Ph\u1edf, H\u1ee7 Ti\u00eau, B\u00fan, Mi\u00ean. M\u1ed7i m\u00f3n m\u00ec \u0111\u1ec1u mang h\u01b0\u01a1ng v\u1ecb \u0111\u00edch th\u1ef1c c\u1ee7a \u1ea9m th\u1ef1c Vi\u1ec7t Nam, \u0111\u01b0\u1ee3c ch\u1ebf bi\u1ebfn c\u1ea9n th\u1eadn v\u00e0 quan t\u00e2m \u0111\u1ebfn m\u00f4i tr\u01b0\u1eddng. Ch\u1eb3ng bao l\u00e2u n\u1eefa, nh\u1eefng m\u00f3n \u0103n ngon n\u00e0y s\u1ebd l\u00e0m h\u00e0i l\u00f2ng c\u00e1c b\u00e0n \u0103n \u1edf M\u1ef9 v\u00e0 EU, cho ph\u00e9p ng\u01b0\u1eddi ti\u00eau d\u00f9ng to\u00e0n c\u1ea7u th\u01b0\u1edfng th\u1ee9c tinh hoa c\u1ee7a n\u1ec1n n\u00f4ng nghi\u1ec7p b\u1ec1n v\u1eefng.<\/p>\t\t\t\t\t\t\t\t<\/div>\n\t\t\t\t<\/div>\n\t\t\t\t<\/div>\n\t\t\t\t<\/div>\n\t\t<div class=\"elementor-element elementor-element-13fc97e e-con-full e-flex elementor-invisible e-con e-child\" data-id=\"13fc97e\" data-element_type=\"container\" data-e-type=\"container\" data-settings=\"{&quot;background_background&quot;:&quot;classic&quot;,&quot;animation&quot;:&quot;fadeInLeft&quot;}\">\n\t\t<div class=\"elementor-element elementor-element-e3f24aa e-con-full e-flex e-con e-child\" data-id=\"e3f24aa\" data-element_type=\"container\" data-e-type=\"container\">\n\t\t\t\t<div class=\"elementor-element elementor-element-5a2c275 elementor-widget elementor-widget-heading\" data-id=\"5a2c275\" data-element_type=\"widget\" data-e-type=\"widget\" data-widget_type=\"heading.default\">\n\t\t\t\t<div class=\"elementor-widget-container\">\n\t\t\t\t\t<h3 class=\"elementor-heading-title elementor-size-default\">L\u1eddi h\u1ee9a v\u1ec1 s\u1ef1 b\u1ec1n v\u1eefng<\/h3>\t\t\t\t<\/div>\n\t\t\t\t<\/div>\n\t\t\t\t<div class=\"elementor-element elementor-element-4c2e6be elementor-widget elementor-widget-text-editor\" data-id=\"4c2e6be\" data-element_type=\"widget\" data-e-type=\"widget\" data-widget_type=\"text-editor.default\">\n\t\t\t\t<div class=\"elementor-widget-container\">\n\t\t\t\t\t\t\t\t\t<p>T\u1ea1i \u0110\u1ea7u t\u01b0 v\u00e0 Ph\u00e1t tri\u1ec3n KHAI NAM, ch\u00fang t\u00f4i t\u1eadp trung v\u00e0o ba \u0111i\u1ec3m m\u1ea5u ch\u1ed1t \u2013 t\u00e1c \u0111\u1ed9ng \u0111\u1ebfn s\u1ee9c kh\u1ecfe ng\u01b0\u1eddi ti\u00eau d\u00f9ng, t\u00ednh b\u1ec1n v\u1eefng c\u1ee7a m\u00f4i tr\u01b0\u1eddng v\u00e0 s\u1ef1 \u1ed5n \u0111\u1ecbnh c\u1ee7a c\u00e1c \u0111\u1ed1i t\u00e1c trong chu\u1ed7i cung \u1ee9ng. M\u00f3n m\u00ec l\u00e0m t\u1eeb l\u00faa n\u1ed5i c\u1ee7a ch\u00fang t\u00f4i l\u00e0 minh ch\u1ee9ng cho cam k\u1ebft c\u1ee7a ch\u00fang t\u00f4i \u0111\u1ed1i v\u1edbi m\u1ed9t m\u00f4 h\u00ecnh kinh doanh trong \u0111\u00f3 t\u1ea5t c\u1ea3 m\u1ecdi ng\u01b0\u1eddi tham gia, t\u1eeb n\u00f4ng d\u00e2n \u0111\u1ebfn ng\u01b0\u1eddi ti\u00eau d\u00f9ng, \u0111\u1ec1u \u0111\u01b0\u1ee3c h\u01b0\u1edfng l\u1ee3i.<\/p>\t\t\t\t\t\t\t\t<\/div>\n\t\t\t\t<\/div>\n\t\t\t\t<\/div>\n\t\t<div class=\"elementor-element elementor-element-ad90397 e-con-full e-flex e-con e-child\" data-id=\"ad90397\" data-element_type=\"container\" data-e-type=\"container\">\n\t\t\t\t<div class=\"elementor-element elementor-element-4df29b5 elementor-widget elementor-widget-image\" data-id=\"4df29b5\" data-element_type=\"widget\" data-e-type=\"widget\" data-widget_type=\"image.default\">\n\t\t\t\t<div class=\"elementor-widget-container\">\n\t\t\t\t\t\t\t\t\t\t\t\t\t\t\t<img loading=\"lazy\" decoding=\"async\" width=\"1024\" height=\"683\" src=\"https:\/\/khainamgroup.com\/wp-content\/uploads\/2024\/04\/12_WWF-Viet-Nam-1024x683.png\" class=\"attachment-large size-large wp-image-712\" alt=\"\" srcset=\"https:\/\/khainamgroup.com\/wp-content\/uploads\/2024\/04\/12_WWF-Viet-Nam-1024x683.png 1024w, https:\/\/khainamgroup.com\/wp-content\/uploads\/2024\/04\/12_WWF-Viet-Nam-300x200.png 300w, https:\/\/khainamgroup.com\/wp-content\/uploads\/2024\/04\/12_WWF-Viet-Nam-768x512.png 768w, https:\/\/khainamgroup.com\/wp-content\/uploads\/2024\/04\/12_WWF-Viet-Nam-1536x1024.png 1536w, https:\/\/khainamgroup.com\/wp-content\/uploads\/2024\/04\/12_WWF-Viet-Nam-2048x1365.png 2048w\" sizes=\"auto, (max-width: 1024px) 100vw, 1024px\" \/>\t\t\t\t\t\t\t\t\t\t\t\t\t\t\t<\/div>\n\t\t\t\t<\/div>\n\t\t\t\t<\/div>\n\t\t\t\t<\/div>\n\t\t\t\t<div class=\"elementor-element elementor-element-137a05e elementor-widget elementor-widget-text-editor\" data-id=\"137a05e\" data-element_type=\"widget\" data-e-type=\"widget\" data-widget_type=\"text-editor.default\">\n\t\t\t\t<div class=\"elementor-widget-container\">\n\t\t\t\t\t\t\t\t\t<p>Trong m\u1ed7i d\u1ef1 \u00e1n, \u0110\u1ea7u t\u01b0 v\u00e0 Ph\u00e1t tri\u1ec3n KHAI NAM k\u1ebft h\u1ee3p s\u1ef1 \u0111\u1ed5i m\u1edbi, t\u00ednh b\u1ec1n v\u1eefng v\u00e0 cam k\u1ebft th\u1ef1c h\u00e0nh \u0111\u1ea1o \u0111\u1ee9c. H\u00e3y tham gia c\u00f9ng ch\u00fang t\u00f4i tr\u00ean h\u00e0nh tr\u00ecnh n\u00e0y, n\u01a1i m\u1ed7i s\u1ea3n ph\u1ea9m l\u00e0 s\u1ef1 l\u1ef1a ch\u1ecdn s\u00e1ng su\u1ed1t v\u00ec m\u1ed9t t\u01b0\u01a1ng lai xanh h\u01a1n, t\u1ed1t \u0111\u1eb9p h\u01a1n.<\/p>\t\t\t\t\t\t\t\t<\/div>\n\t\t\t\t<\/div>\n\t\t\t\t<div class=\"elementor-element elementor-element-57f0601 elementor-align-center elementor-widget elementor-widget-button\" data-id=\"57f0601\" data-element_type=\"widget\" data-e-type=\"widget\" data-widget_type=\"button.default\">\n\t\t\t\t<div class=\"elementor-widget-container\">\n\t\t\t\t\t\t\t\t\t<div class=\"elementor-button-wrapper\">\n\t\t\t\t\t<a class=\"elementor-button elementor-button-link elementor-size-sm\" href=\"\/vi\/contact-us\/\">\n\t\t\t\t\t\t<span class=\"elementor-button-content-wrapper\">\n\t\t\t\t\t\t\t\t\t<span class=\"elementor-button-text\">Th\u00f4ng Tin Li\u00ean H\u1ec7<\/span>\n\t\t\t\t\t<\/span>\n\t\t\t\t\t<\/a>\n\t\t\t\t<\/div>\n\t\t\t\t\t\t\t\t<\/div>\n\t\t\t\t<\/div>\n\t\t\t\t<\/div>\n\t\t\t\t\t<\/div>\n\t\t\t\t<\/div>\n\t\t\t\t<\/div>","protected":false},"excerpt":{"rendered":"<p>Sustainable Fusion Cuisine Explore the harmonious fusion of tradition and sustainability with our noodles made from floating rice. We support [&hellip;]<\/p>","protected":false},"author":2,"featured_media":0,"parent":311,"menu_order":0,"comment_status":"closed","ping_status":"closed","template":"","meta":{"site-sidebar-layout":"no-sidebar","site-content-layout":"","ast-site-content-layout":"full-width-container","site-content-style":"default","site-sidebar-style":"default","ast-global-header-display":"","ast-banner-title-visibility":"","ast-main-header-display":"","ast-hfb-above-header-display":"","ast-hfb-below-header-display":"","ast-hfb-mobile-header-display":"","site-post-title":"disabled","ast-breadcrumbs-content":"","ast-featured-img":"disabled","footer-sml-layout":"","theme-transparent-header-meta":"default","adv-header-id-meta":"","stick-header-meta":"default","header-above-stick-meta":"","header-main-stick-meta":"","header-below-stick-meta":"","astra-migrate-meta-layouts":"set","ast-page-background-enabled":"default","ast-page-background-meta":{"desktop":{"background-color":"var(--ast-global-color-4)","background-image":"","background-repeat":"repeat","background-position":"center center","background-size":"auto","background-attachment":"scroll","background-type":"","background-media":"","overlay-type":"","overlay-color":"","overlay-opacity":"","overlay-gradient":""},"tablet":{"background-color":"","background-image":"","background-repeat":"repeat","background-position":"center center","background-size":"auto","background-attachment":"scroll","background-type":"","background-media":"","overlay-type":"","overlay-color":"","overlay-opacity":"","overlay-gradient":""},"mobile":{"background-color":"","background-image":"","background-repeat":"repeat","background-position":"center center","background-size":"auto","background-attachment":"scroll","background-type":"","background-media":"","overlay-type":"","overlay-color":"","overlay-opacity":"","overlay-gradient":""}},"ast-content-background-meta":{"desktop":{"background-color":"var(--ast-global-color-5)","background-image":"","background-repeat":"repeat","background-position":"center center","background-size":"auto","background-attachment":"scroll","background-type":"","background-media":"","overlay-type":"","overlay-color":"","overlay-opacity":"","overlay-gradient":""},"tablet":{"background-color":"var(--ast-global-color-5)","background-image":"","background-repeat":"repeat","background-position":"center center","background-size":"auto","background-attachment":"scroll","background-type":"","background-media":"","overlay-type":"","overlay-color":"","overlay-opacity":"","overlay-gradient":""},"mobile":{"background-color":"var(--ast-global-color-5)","background-image":"","background-repeat":"repeat","background-position":"center center","background-size":"auto","background-attachment":"scroll","background-type":"","background-media":"","overlay-type":"","overlay-color":"","overlay-opacity":"","overlay-gradient":""}},"footnotes":""},"class_list":["post-1291","page","type-page","status-publish","hentry"],"_links":{"self":[{"href":"https:\/\/khainamgroup.com\/vi\/wp-json\/wp\/v2\/pages\/1291","targetHints":{"allow":["GET"]}}],"collection":[{"href":"https:\/\/khainamgroup.com\/vi\/wp-json\/wp\/v2\/pages"}],"about":[{"href":"https:\/\/khainamgroup.com\/vi\/wp-json\/wp\/v2\/types\/page"}],"author":[{"embeddable":true,"href":"https:\/\/khainamgroup.com\/vi\/wp-json\/wp\/v2\/users\/2"}],"replies":[{"embeddable":true,"href":"https:\/\/khainamgroup.com\/vi\/wp-json\/wp\/v2\/comments?post=1291"}],"version-history":[{"count":25,"href":"https:\/\/khainamgroup.com\/vi\/wp-json\/wp\/v2\/pages\/1291\/revisions"}],"predecessor-version":[{"id":1355,"href":"https:\/\/khainamgroup.com\/vi\/wp-json\/wp\/v2\/pages\/1291\/revisions\/1355"}],"up":[{"embeddable":true,"href":"https:\/\/khainamgroup.com\/vi\/wp-json\/wp\/v2\/pages\/311"}],"wp:attachment":[{"href":"https:\/\/khainamgroup.com\/vi\/wp-json\/wp\/v2\/media?parent=1291"}],"curies":[{"name":"wp","href":"https:\/\/api.w.org\/{rel}","templated":true}]}}