{"id":1289,"date":"2024-06-18T15:23:58","date_gmt":"2024-06-18T08:23:58","guid":{"rendered":"https:\/\/khainamgroup.com\/?page_id=1289"},"modified":"2024-06-19T16:23:32","modified_gmt":"2024-06-19T09:23:32","slug":"logistics","status":"publish","type":"page","link":"https:\/\/khainamgroup.com\/vi\/our-businesses\/logistics\/","title":{"rendered":"LOGISTICS"},"content":{"rendered":"<div data-elementor-type=\"wp-page\" data-elementor-id=\"1289\" class=\"elementor elementor-1289\" data-elementor-post-type=\"page\">\n\t\t\t\t<div class=\"elementor-element elementor-element-1896119 e-flex e-con-boxed e-con e-parent\" data-id=\"1896119\" data-element_type=\"container\" data-e-type=\"container\" data-settings=\"{&quot;background_background&quot;:&quot;classic&quot;}\">\n\t\t\t\t\t<div class=\"e-con-inner\">\n\t\t<div class=\"elementor-element elementor-element-75205d7 e-con-full e-flex e-con e-child\" data-id=\"75205d7\" data-element_type=\"container\" data-e-type=\"container\">\n\t\t\t\t<\/div>\n\t\t\t\t\t<\/div>\n\t\t\t\t<\/div>\n\t\t<div class=\"elementor-element elementor-element-68f4d3a e-flex e-con-boxed e-con e-parent\" data-id=\"68f4d3a\" data-element_type=\"container\" data-e-type=\"container\">\n\t\t\t\t\t<div class=\"e-con-inner\">\n\t\t<div class=\"elementor-element elementor-element-6f9b30b e-con-full e-flex e-con e-child\" data-id=\"6f9b30b\" data-element_type=\"container\" data-e-type=\"container\">\n\t\t<div class=\"elementor-element elementor-element-8059646 e-con-full e-flex elementor-invisible e-con e-child\" data-id=\"8059646\" data-element_type=\"container\" data-e-type=\"container\" data-settings=\"{&quot;background_background&quot;:&quot;classic&quot;,&quot;animation&quot;:&quot;fadeInRight&quot;}\">\n\t\t<div class=\"elementor-element elementor-element-6aedd29 e-con-full e-flex e-con e-child\" data-id=\"6aedd29\" data-element_type=\"container\" data-e-type=\"container\">\n\t\t\t\t<div class=\"elementor-element elementor-element-c6bc445 elementor-widget elementor-widget-image\" data-id=\"c6bc445\" data-element_type=\"widget\" data-e-type=\"widget\" data-widget_type=\"image.default\">\n\t\t\t\t<div class=\"elementor-widget-container\">\n\t\t\t\t\t\t\t\t\t\t\t\t\t\t\t<img loading=\"lazy\" decoding=\"async\" width=\"2560\" height=\"1699\" src=\"https:\/\/khainamgroup.com\/wp-content\/uploads\/2024\/06\/industrial-port-container-yard-scaled.jpg\" class=\"attachment-full size-full wp-image-1424\" alt=\"\" srcset=\"https:\/\/khainamgroup.com\/wp-content\/uploads\/2024\/06\/industrial-port-container-yard-scaled.jpg 2560w, https:\/\/khainamgroup.com\/wp-content\/uploads\/2024\/06\/industrial-port-container-yard-300x199.jpg 300w, https:\/\/khainamgroup.com\/wp-content\/uploads\/2024\/06\/industrial-port-container-yard-1024x680.jpg 1024w, https:\/\/khainamgroup.com\/wp-content\/uploads\/2024\/06\/industrial-port-container-yard-768x510.jpg 768w, https:\/\/khainamgroup.com\/wp-content\/uploads\/2024\/06\/industrial-port-container-yard-1536x1020.jpg 1536w, https:\/\/khainamgroup.com\/wp-content\/uploads\/2024\/06\/industrial-port-container-yard-2048x1359.jpg 2048w, https:\/\/khainamgroup.com\/wp-content\/uploads\/2024\/06\/industrial-port-container-yard-18x12.jpg 18w\" sizes=\"auto, (max-width: 2560px) 100vw, 2560px\" \/>\t\t\t\t\t\t\t\t\t\t\t\t\t\t\t<\/div>\n\t\t\t\t<\/div>\n\t\t\t\t<\/div>\n\t\t<div class=\"elementor-element elementor-element-58e883e e-con-full e-flex e-con e-child\" data-id=\"58e883e\" data-element_type=\"container\" data-e-type=\"container\">\n\t\t\t\t<div class=\"elementor-element elementor-element-2d083f6 elementor-widget elementor-widget-heading\" data-id=\"2d083f6\" data-element_type=\"widget\" data-e-type=\"widget\" data-widget_type=\"heading.default\">\n\t\t\t\t<div class=\"elementor-widget-container\">\n\t\t\t\t\t<h3 class=\"elementor-heading-title elementor-size-default\">H\u1eadu c\u1ea7n to\u00e0n di\u1ec7n<\/h3>\t\t\t\t<\/div>\n\t\t\t\t<\/div>\n\t\t\t\t<div class=\"elementor-element elementor-element-4b07287 elementor-widget elementor-widget-text-editor\" data-id=\"4b07287\" data-element_type=\"widget\" data-e-type=\"widget\" data-widget_type=\"text-editor.default\">\n\t\t\t\t<div class=\"elementor-widget-container\">\n\t\t\t\t\t\t\t\t\t<p>T\u1ea1i KH\u1ea2I NAM, ch\u00fang t\u00f4i cung c\u1ea5p \u0111\u1ea7y \u0111\u1ee7 c\u00e1c d\u1ecbch v\u1ee5 logistics c\u1ea3 trong n\u01b0\u1edbc v\u00e0 qu\u1ed1c t\u1ebf. C\u00e1c gi\u1ea3i ph\u00e1p h\u1eadu c\u1ea7n c\u1ee7a ch\u00fang t\u00f4i \u0111\u01b0\u1ee3c thi\u1ebft k\u1ebf \u0111\u1ec3 \u0111\u1ea3m b\u1ea3o vi\u1ec7c v\u1eadn chuy\u1ec3n s\u1ea3n ph\u1ea9m c\u1ee7a ch\u00fang t\u00f4i \u0111\u1ebfn kh\u00e1ch h\u00e0ng tr\u00ean to\u00e0n th\u1ebf gi\u1edbi m\u1ed9t c\u00e1ch hi\u1ec7u qu\u1ea3, k\u1ecbp th\u1eddi v\u00e0 an to\u00e0n. T\u1eeb x\u1eed l\u00fd v\u1eadn chuy\u1ec3n v\u00e0 l\u01b0u kho \u0111\u1ebfn qu\u1ea3n l\u00fd h\u1ea3i quan v\u00e0 ch\u1ee9ng t\u1eeb, \u0111\u1ed9i ng\u0169 h\u1eadu c\u1ea7n gi\u00e0u kinh nghi\u1ec7m c\u1ee7a ch\u00fang t\u00f4i s\u1ebd x\u1eed l\u00fd t\u1eebng chi ti\u1ebft. Ch\u00fang t\u00f4i s\u1eed d\u1ee5ng c\u00e1c c\u00f4ng ngh\u1ec7 ti\u00ean ti\u1ebfn v\u00e0 m\u1ea1ng l\u01b0\u1edbi \u0111\u01b0\u1ee3c thi\u1ebft l\u1eadp \u0111\u1ec3 t\u1ed1i \u01b0u h\u00f3a chu\u1ed7i cung \u1ee9ng c\u1ee7a m\u00ecnh, gi\u1ea3m chi ph\u00ed v\u00e0 gi\u1ea3m thi\u1ec3u t\u00e1c \u0111\u1ed9ng \u0111\u1ebfn m\u00f4i tr\u01b0\u1eddng. Cam k\u1ebft c\u1ee7a ch\u00fang t\u00f4i v\u1ec1 s\u1ef1 xu\u1ea5t s\u1eafc trong l\u0129nh v\u1ef1c h\u1eadu c\u1ea7n nh\u1ea5n m\u1ea1nh s\u1ef1 c\u1ed1ng hi\u1ebfn c\u1ee7a ch\u00fang t\u00f4i trong vi\u1ec7c cung c\u1ea5p tr\u1ea3i nghi\u1ec7m li\u1ec1n m\u1ea1ch cho kh\u00e1ch h\u00e0ng, \u0111\u1ea3m b\u1ea3o r\u1eb1ng c\u00e1c s\u1ea3n ph\u1ea9m ch\u1ea5t l\u01b0\u1ee3ng cao c\u1ee7a ch\u00fang t\u00f4i \u0111\u1ebfn \u0111\u01b0\u1ee3c \u0111i\u1ec3m \u0111\u1ebfn v\u1edbi \u0111\u1ed9 tin c\u1eady t\u1ed1i \u0111a.<\/p>\n<p>C\u00e1c c\u00f4ng ty c\u1ee7a ch\u00fang t\u00f4i:<br>ABA LOGISITCS:<br>NHI\u1ec6M V\u1ee4:<br>KHO: \u0110\u1ee8C: M\u00f6llendorff Str 75 , 10367 Berlin.<br>PH\u00c1P: 15 Rue Daniel Stern Espace Dubleix 75015 Paris.<br>H\u00c0 LAN: Korte Beijerd 3 5431NP Cuijk H\u00e0 Lan.<br>Vi\u1ec7t Nam: 938A, Qu\u1ed1c l\u1ed9 1A, Ph\u01b0\u1eddng Linh Trung, Th\u00e0nh ph\u1ed1 Th\u1ee7 \u0110\u1ee9c, H\u1ed3 Ch\u00ed Minh, Vi\u1ec7t Nam<\/p>\t\t\t\t\t\t\t\t<\/div>\n\t\t\t\t<\/div>\n\t\t\t\t<\/div>\n\t\t\t\t<\/div>\n\t\t\t\t<\/div>\n\t\t\t\t\t<\/div>\n\t\t\t\t<\/div>\n\t\t<div class=\"elementor-element elementor-element-b1e713b e-grid e-con-boxed e-con e-parent\" data-id=\"b1e713b\" data-element_type=\"container\" data-e-type=\"container\">\n\t\t\t\t\t<div class=\"e-con-inner\">\n\t\t\t\t<div class=\"elementor-element elementor-element-3cc4b9b elementor-widget elementor-widget-image\" data-id=\"3cc4b9b\" data-element_type=\"widget\" data-e-type=\"widget\" data-widget_type=\"image.default\">\n\t\t\t\t<div class=\"elementor-widget-container\">\n\t\t\t\t\t\t\t\t\t\t\t\t\t\t\t\t<a href=\"https:\/\/logistics-aba.com\/\" target=\"_blank\" rel=\"noopener\">\n\t\t\t\t\t\t\t<img loading=\"lazy\" decoding=\"async\" width=\"1024\" height=\"724\" src=\"https:\/\/khainamgroup.com\/wp-content\/uploads\/2024\/06\/LOGO-ABA-1024x724.jpg\" class=\"attachment-large size-large wp-image-1445\" alt=\"\" srcset=\"https:\/\/khainamgroup.com\/wp-content\/uploads\/2024\/06\/LOGO-ABA-1024x724.jpg 1024w, https:\/\/khainamgroup.com\/wp-content\/uploads\/2024\/06\/LOGO-ABA-300x212.jpg 300w, https:\/\/khainamgroup.com\/wp-content\/uploads\/2024\/06\/LOGO-ABA-768x543.jpg 768w, https:\/\/khainamgroup.com\/wp-content\/uploads\/2024\/06\/LOGO-ABA-1536x1086.jpg 1536w, https:\/\/khainamgroup.com\/wp-content\/uploads\/2024\/06\/LOGO-ABA-2048x1448.jpg 2048w, https:\/\/khainamgroup.com\/wp-content\/uploads\/2024\/06\/LOGO-ABA-18x12.jpg 18w\" sizes=\"auto, (max-width: 1024px) 100vw, 1024px\" \/>\t\t\t\t\t\t\t\t<\/a>\n\t\t\t\t\t\t\t\t\t\t\t\t\t\t\t<\/div>\n\t\t\t\t<\/div>\n\t\t\t\t<div class=\"elementor-element elementor-element-9fa0bbb elementor-widget elementor-widget-image\" data-id=\"9fa0bbb\" data-element_type=\"widget\" data-e-type=\"widget\" data-widget_type=\"image.default\">\n\t\t\t\t<div class=\"elementor-widget-container\">\n\t\t\t\t\t\t\t\t\t\t\t\t\t\t\t\t<a href=\"https:\/\/missioncom.info\/\" target=\"_blank\" rel=\"noopener\">\n\t\t\t\t\t\t\t<img loading=\"lazy\" decoding=\"async\" width=\"1024\" height=\"724\" src=\"https:\/\/khainamgroup.com\/wp-content\/uploads\/2024\/06\/LOGO-mission-exp-1024x724.png\" class=\"attachment-large size-large wp-image-1448\" alt=\"\" srcset=\"https:\/\/khainamgroup.com\/wp-content\/uploads\/2024\/06\/LOGO-mission-exp-1024x724.png 1024w, https:\/\/khainamgroup.com\/wp-content\/uploads\/2024\/06\/LOGO-mission-exp-300x212.png 300w, https:\/\/khainamgroup.com\/wp-content\/uploads\/2024\/06\/LOGO-mission-exp-768x543.png 768w, https:\/\/khainamgroup.com\/wp-content\/uploads\/2024\/06\/LOGO-mission-exp-1536x1086.png 1536w, https:\/\/khainamgroup.com\/wp-content\/uploads\/2024\/06\/LOGO-mission-exp-2048x1448.png 2048w, https:\/\/khainamgroup.com\/wp-content\/uploads\/2024\/06\/LOGO-mission-exp-18x12.png 18w\" sizes=\"auto, (max-width: 1024px) 100vw, 1024px\" \/>\t\t\t\t\t\t\t\t<\/a>\n\t\t\t\t\t\t\t\t\t\t\t\t\t\t\t<\/div>\n\t\t\t\t<\/div>\n\t\t\t\t\t<\/div>\n\t\t\t\t<\/div>\n\t\t\t\t<\/div>","protected":false},"excerpt":{"rendered":"<p>Comprehensive Logistics At KHAI NAM, we offer a full scope of logistics services both domestically and internationally. Our logistics solutions [&hellip;]<\/p>","protected":false},"author":2,"featured_media":0,"parent":311,"menu_order":0,"comment_status":"closed","ping_status":"closed","template":"","meta":{"site-sidebar-layout":"no-sidebar","site-content-layout":"","ast-site-content-layout":"full-width-container","site-content-style":"default","site-sidebar-style":"default","ast-global-header-display":"","ast-banner-title-visibility":"","ast-main-header-display":"","ast-hfb-above-header-display":"","ast-hfb-below-header-display":"","ast-hfb-mobile-header-display":"","site-post-title":"disabled","ast-breadcrumbs-content":"","ast-featured-img":"disabled","footer-sml-layout":"","theme-transparent-header-meta":"default","adv-header-id-meta":"","stick-header-meta":"default","header-above-stick-meta":"","header-main-stick-meta":"","header-below-stick-meta":"","astra-migrate-meta-layouts":"set","ast-page-background-enabled":"default","ast-page-background-meta":{"desktop":{"background-color":"var(--ast-global-color-4)","background-image":"","background-repeat":"repeat","background-position":"center center","background-size":"auto","background-attachment":"scroll","background-type":"","background-media":"","overlay-type":"","overlay-color":"","overlay-opacity":"","overlay-gradient":""},"tablet":{"background-color":"","background-image":"","background-repeat":"repeat","background-position":"center center","background-size":"auto","background-attachment":"scroll","background-type":"","background-media":"","overlay-type":"","overlay-color":"","overlay-opacity":"","overlay-gradient":""},"mobile":{"background-color":"","background-image":"","background-repeat":"repeat","background-position":"center center","background-size":"auto","background-attachment":"scroll","background-type":"","background-media":"","overlay-type":"","overlay-color":"","overlay-opacity":"","overlay-gradient":""}},"ast-content-background-meta":{"desktop":{"background-color":"var(--ast-global-color-5)","background-image":"","background-repeat":"repeat","background-position":"center center","background-size":"auto","background-attachment":"scroll","background-type":"","background-media":"","overlay-type":"","overlay-color":"","overlay-opacity":"","overlay-gradient":""},"tablet":{"background-color":"var(--ast-global-color-5)","background-image":"","background-repeat":"repeat","background-position":"center center","background-size":"auto","background-attachment":"scroll","background-type":"","background-media":"","overlay-type":"","overlay-color":"","overlay-opacity":"","overlay-gradient":""},"mobile":{"background-color":"var(--ast-global-color-5)","background-image":"","background-repeat":"repeat","background-position":"center center","background-size":"auto","background-attachment":"scroll","background-type":"","background-media":"","overlay-type":"","overlay-color":"","overlay-opacity":"","overlay-gradient":""}},"footnotes":""},"class_list":["post-1289","page","type-page","status-publish","hentry"],"_links":{"self":[{"href":"https:\/\/khainamgroup.com\/vi\/wp-json\/wp\/v2\/pages\/1289","targetHints":{"allow":["GET"]}}],"collection":[{"href":"https:\/\/khainamgroup.com\/vi\/wp-json\/wp\/v2\/pages"}],"about":[{"href":"https:\/\/khainamgroup.com\/vi\/wp-json\/wp\/v2\/types\/page"}],"author":[{"embeddable":true,"href":"https:\/\/khainamgroup.com\/vi\/wp-json\/wp\/v2\/users\/2"}],"replies":[{"embeddable":true,"href":"https:\/\/khainamgroup.com\/vi\/wp-json\/wp\/v2\/comments?post=1289"}],"version-history":[{"count":40,"href":"https:\/\/khainamgroup.com\/vi\/wp-json\/wp\/v2\/pages\/1289\/revisions"}],"predecessor-version":[{"id":1469,"href":"https:\/\/khainamgroup.com\/vi\/wp-json\/wp\/v2\/pages\/1289\/revisions\/1469"}],"up":[{"embeddable":true,"href":"https:\/\/khainamgroup.com\/vi\/wp-json\/wp\/v2\/pages\/311"}],"wp:attachment":[{"href":"https:\/\/khainamgroup.com\/vi\/wp-json\/wp\/v2\/media?parent=1289"}],"curies":[{"name":"wp","href":"https:\/\/api.w.org\/{rel}","templated":true}]}}