{"id":1285,"date":"2024-06-18T15:23:33","date_gmt":"2024-06-18T08:23:33","guid":{"rendered":"https:\/\/khainamgroup.com\/?page_id=1285"},"modified":"2024-11-11T22:11:17","modified_gmt":"2024-11-11T15:11:17","slug":"manna-farm","status":"publish","type":"page","link":"https:\/\/khainamgroup.com\/vi\/our-businesses\/manna-farm\/","title":{"rendered":"TRANG TR\u1ea0I MANNA"},"content":{"rendered":"<div data-elementor-type=\"wp-page\" data-elementor-id=\"1285\" class=\"elementor elementor-1285\" data-elementor-post-type=\"page\">\n\t\t\t\t<div class=\"elementor-element elementor-element-aee78a5 e-flex e-con-boxed e-con e-parent\" data-id=\"aee78a5\" data-element_type=\"container\" data-e-type=\"container\" data-settings=\"{&quot;background_background&quot;:&quot;classic&quot;}\">\n\t\t\t\t\t<div class=\"e-con-inner\">\n\t\t<div class=\"elementor-element elementor-element-fff72aa e-con-full e-flex e-con e-child\" data-id=\"fff72aa\" data-element_type=\"container\" data-e-type=\"container\">\n\t\t\t\t<\/div>\n\t\t\t\t\t<\/div>\n\t\t\t\t<\/div>\n\t\t<div class=\"elementor-element elementor-element-a6d5c73 e-flex e-con-boxed e-con e-parent\" data-id=\"a6d5c73\" data-element_type=\"container\" data-e-type=\"container\">\n\t\t\t\t\t<div class=\"e-con-inner\">\n\t\t<div class=\"elementor-element elementor-element-d7b3366 e-con-full e-flex e-con e-child\" data-id=\"d7b3366\" data-element_type=\"container\" data-e-type=\"container\">\n\t\t<div class=\"elementor-element elementor-element-7143a40 e-con-full e-flex elementor-invisible e-con e-child\" data-id=\"7143a40\" data-element_type=\"container\" data-e-type=\"container\" data-settings=\"{&quot;background_background&quot;:&quot;classic&quot;,&quot;animation&quot;:&quot;fadeInLeft&quot;}\">\n\t\t<div class=\"elementor-element elementor-element-9110726 e-con-full e-flex e-con e-child\" data-id=\"9110726\" data-element_type=\"container\" data-e-type=\"container\">\n\t\t\t\t<div class=\"elementor-element elementor-element-edd86e1 elementor-widget elementor-widget-heading\" data-id=\"edd86e1\" data-element_type=\"widget\" data-e-type=\"widget\" data-widget_type=\"heading.default\">\n\t\t\t\t<div class=\"elementor-widget-container\">\n\t\t\t\t\t<h3 class=\"elementor-heading-title elementor-size-default\">TRANG TR\u1ea0I MANNA<\/h3>\t\t\t\t<\/div>\n\t\t\t\t<\/div>\n\t\t\t\t<div class=\"elementor-element elementor-element-704a9e1 elementor-widget elementor-widget-text-editor\" data-id=\"704a9e1\" data-element_type=\"widget\" data-e-type=\"widget\" data-widget_type=\"text-editor.default\">\n\t\t\t\t<div class=\"elementor-widget-container\">\n\t\t\t\t\t\t\t\t\t<p>T\u1ea1i Manna Farm, ch\u00fang t\u00f4i tr\u1ed3ng nhi\u1ec1u lo\u1ea1i rau v\u00e0 c\u00e1c nguy\u00ean li\u1ec7u kh\u00e1c kh\u00f4ng th\u1ec3 thi\u1ebfu trong s\u1ea3n ph\u1ea9m c\u1ee7a m\u00ecnh. Ho\u1ea1t \u0111\u1ed9ng canh t\u00e1c c\u1ee7a ch\u00fang t\u00f4i b\u1eaft ngu\u1ed3n t\u1eeb s\u1ef1 b\u1ec1n v\u1eefng, \u0111\u1ea3m b\u1ea3o r\u1eb1ng m\u1ecdi c\u00e2y tr\u1ed3ng \u0111\u1ec1u \u0111\u01b0\u1ee3c tr\u1ed3ng v\u1edbi s\u1ef1 quan t\u00e2m \u0111\u1ebfn m\u00f4i tr\u01b0\u1eddng v\u00e0 t\u00f4n tr\u1ecdng t\u00e0i nguy\u00ean thi\u00ean nhi\u00ean. B\u1eb1ng c\u00e1ch t\u1ef1 tr\u1ed3ng c\u00e1c nguy\u00ean li\u1ec7u, ch\u00fang t\u00f4i duy tr\u00ec ki\u1ec3m so\u00e1t ch\u1ea5t l\u01b0\u1ee3ng nghi\u00eam ng\u1eb7t v\u00e0 cung c\u1ea5p c\u00e1c s\u1ea3n ph\u1ea9m t\u01b0\u01a1i, b\u1ed5 d\u01b0\u1ee1ng v\u00e0 th\u00e2n thi\u1ec7n v\u1edbi m\u00f4i tr\u01b0\u1eddng. Trang tr\u1ea1i Manna th\u1ec3 hi\u1ec7n cam k\u1ebft c\u1ee7a ch\u00fang t\u00f4i \u0111\u1ed1i v\u1edbi n\u1ec1n n\u00f4ng nghi\u1ec7p c\u00f3 tr\u00e1ch nhi\u1ec7m v\u00e0 cung c\u1ea5p n\u1ec1n t\u1ea3ng cho c\u00e1c ti\u00eau chu\u1ea9n cao m\u00e0 ch\u00fang t\u00f4i \u0111\u1eb7t ra cho t\u1ea5t c\u1ea3 c\u00e1c s\u1ea3n ph\u1ea9m c\u1ee7a m\u00ecnh.<\/p><p>V\u1ecb tr\u00ed:<br \/>&gt; Phi Li\u00eang, \u0110am R\u00f4ng, T\u1ec9nh L\u00e2m \u0110\u1ed3ng, Vi\u1ec7t Nam.<br \/>&gt; \u0110\u1ee9c Tr\u1ecdng, T\u1ec9nh L\u00e2m \u0110\u1ed3ng, Vi\u1ec7t Nam.<\/p><p>\u00a0<\/p><p><strong>Fanpage \u2013 Facebook:<\/strong> <a href=\"https:\/\/www.facebook.com\/nongtraimanna\" target=\"_blank\" rel=\"noopener\">https:\/\/www.facebook.com\/nongtraimanna<\/a><\/p>\t\t\t\t\t\t\t\t<\/div>\n\t\t\t\t<\/div>\n\t\t\t\t<\/div>\n\t\t<div class=\"elementor-element elementor-element-d9962c8 e-con-full e-flex e-con e-child\" data-id=\"d9962c8\" data-element_type=\"container\" data-e-type=\"container\">\n\t\t\t\t<div class=\"elementor-element elementor-element-507e1ff elementor-widget elementor-widget-image\" data-id=\"507e1ff\" data-element_type=\"widget\" data-e-type=\"widget\" data-widget_type=\"image.default\">\n\t\t\t\t<div class=\"elementor-widget-container\">\n\t\t\t\t\t\t\t\t\t\t\t\t\t\t\t<img loading=\"lazy\" decoding=\"async\" width=\"768\" height=\"1024\" src=\"https:\/\/khainamgroup.com\/wp-content\/uploads\/2024\/06\/VAD.png\" class=\"attachment-large size-large wp-image-1376\" alt=\"\" srcset=\"https:\/\/khainamgroup.com\/wp-content\/uploads\/2024\/06\/VAD.png 768w, https:\/\/khainamgroup.com\/wp-content\/uploads\/2024\/06\/VAD-225x300.png 225w, https:\/\/khainamgroup.com\/wp-content\/uploads\/2024\/06\/VAD-9x12.png 9w\" sizes=\"auto, (max-width: 768px) 100vw, 768px\" \/>\t\t\t\t\t\t\t\t\t\t\t\t\t\t\t<\/div>\n\t\t\t\t<\/div>\n\t\t\t\t<\/div>\n\t\t\t\t<\/div>\n\t\t\t\t<\/div>\n\t\t\t\t\t<\/div>\n\t\t\t\t<\/div>\n\t\t<div class=\"elementor-element elementor-element-0bef1e7 e-flex e-con-boxed e-con e-parent\" data-id=\"0bef1e7\" data-element_type=\"container\" data-e-type=\"container\">\n\t\t\t\t\t<div class=\"e-con-inner\">\n\t\t\t\t<div class=\"elementor-element elementor-element-315f5f3 elementor-widget elementor-widget-gallery\" data-id=\"315f5f3\" data-element_type=\"widget\" data-e-type=\"widget\" data-settings=\"{&quot;lazyload&quot;:&quot;yes&quot;,&quot;gallery_layout&quot;:&quot;grid&quot;,&quot;columns&quot;:4,&quot;columns_tablet&quot;:2,&quot;columns_mobile&quot;:1,&quot;gap&quot;:{&quot;unit&quot;:&quot;px&quot;,&quot;size&quot;:10,&quot;sizes&quot;:[]},&quot;gap_tablet&quot;:{&quot;unit&quot;:&quot;px&quot;,&quot;size&quot;:10,&quot;sizes&quot;:[]},&quot;gap_mobile&quot;:{&quot;unit&quot;:&quot;px&quot;,&quot;size&quot;:10,&quot;sizes&quot;:[]},&quot;link_to&quot;:&quot;file&quot;,&quot;aspect_ratio&quot;:&quot;3:2&quot;,&quot;overlay_background&quot;:&quot;yes&quot;,&quot;content_hover_animation&quot;:&quot;fade-in&quot;}\" data-widget_type=\"gallery.default\">\n\t\t\t\t<div class=\"elementor-widget-container\">\n\t\t\t\t\t\t\t<div class=\"elementor-gallery__container\">\n\t\t\t\t\t\t\t<a class=\"e-gallery-item elementor-gallery-item elementor-animated-content\" href=\"https:\/\/khainamgroup.com\/wp-content\/uploads\/2024\/06\/z5509592513770_85ccbfdb0058ae96adf2787960b0481d.jpg\" data-elementor-open-lightbox=\"yes\" data-elementor-lightbox-slideshow=\"315f5f3\" data-elementor-lightbox-title=\"manna farm 009\" data-e-action-hash=\"#elementor-action%3Aaction%3Dlightbox%26settings%3DeyJpZCI6MTQwNSwidXJsIjoiaHR0cHM6XC9cL2toYWluYW1ncm91cC5jb21cL3dwLWNvbnRlbnRcL3VwbG9hZHNcLzIwMjRcLzA2XC96NTUwOTU5MjUxMzc3MF84NWNjYmZkYjAwNThhZTk2YWRmMjc4Nzk2MGIwNDgxZC5qcGciLCJzbGlkZXNob3ciOiIzMTVmNWYzIn0%3D\">\n\t\t\t\t\t<div class=\"e-gallery-image elementor-gallery-item__image\" data-thumbnail=\"https:\/\/khainamgroup.com\/wp-content\/uploads\/2024\/06\/z5509592513770_85ccbfdb0058ae96adf2787960b0481d-300x169.jpg\" data-width=\"300\" data-height=\"169\" aria-label=\"\" role=\"img\" ><\/div>\n\t\t\t\t\t\t\t\t\t\t\t<div class=\"elementor-gallery-item__overlay\"><\/div>\n\t\t\t\t\t\t\t\t\t\t\t\t\t\t<\/a>\n\t\t\t\t\t\t\t<a class=\"e-gallery-item elementor-gallery-item elementor-animated-content\" href=\"https:\/\/khainamgroup.com\/wp-content\/uploads\/2024\/07\/z5598014471948_36a08ac7caadd324b085b42d2ad24465-scaled.jpg\" data-elementor-open-lightbox=\"yes\" data-elementor-lightbox-slideshow=\"315f5f3\" data-elementor-lightbox-title=\"z5598014471948_36a08ac7caadd324b085b42d2ad24465\" data-e-action-hash=\"#elementor-action%3Aaction%3Dlightbox%26settings%3DeyJpZCI6MTU0NSwidXJsIjoiaHR0cHM6XC9cL2toYWluYW1ncm91cC5jb21cL3dwLWNvbnRlbnRcL3VwbG9hZHNcLzIwMjRcLzA3XC96NTU5ODAxNDQ3MTk0OF8zNmEwOGFjN2NhYWRkMzI0YjA4NWI0MmQyYWQyNDQ2NS1zY2FsZWQuanBnIiwic2xpZGVzaG93IjoiMzE1ZjVmMyJ9\">\n\t\t\t\t\t<div class=\"e-gallery-image elementor-gallery-item__image\" data-thumbnail=\"https:\/\/khainamgroup.com\/wp-content\/uploads\/2024\/07\/z5598014471948_36a08ac7caadd324b085b42d2ad24465-300x225.jpg\" data-width=\"300\" data-height=\"225\" aria-label=\"\" role=\"img\" ><\/div>\n\t\t\t\t\t\t\t\t\t\t\t<div class=\"elementor-gallery-item__overlay\"><\/div>\n\t\t\t\t\t\t\t\t\t\t\t\t\t\t<\/a>\n\t\t\t\t\t\t\t<a class=\"e-gallery-item elementor-gallery-item elementor-animated-content\" href=\"https:\/\/khainamgroup.com\/wp-content\/uploads\/2024\/06\/z5481266263596_94e4e483f498f35ab169b0f6af51b9a2.jpg\" data-elementor-open-lightbox=\"yes\" data-elementor-lightbox-slideshow=\"315f5f3\" data-elementor-lightbox-title=\"manna farm 001\" data-e-action-hash=\"#elementor-action%3Aaction%3Dlightbox%26settings%3DeyJpZCI6MTQxMywidXJsIjoiaHR0cHM6XC9cL2toYWluYW1ncm91cC5jb21cL3dwLWNvbnRlbnRcL3VwbG9hZHNcLzIwMjRcLzA2XC96NTQ4MTI2NjI2MzU5Nl85NGU0ZTQ4M2Y0OThmMzVhYjE2OWIwZjZhZjUxYjlhMi5qcGciLCJzbGlkZXNob3ciOiIzMTVmNWYzIn0%3D\">\n\t\t\t\t\t<div class=\"e-gallery-image elementor-gallery-item__image\" data-thumbnail=\"https:\/\/khainamgroup.com\/wp-content\/uploads\/2024\/06\/z5481266263596_94e4e483f498f35ab169b0f6af51b9a2-225x300.jpg\" data-width=\"225\" data-height=\"300\" aria-label=\"\" role=\"img\" ><\/div>\n\t\t\t\t\t\t\t\t\t\t\t<div class=\"elementor-gallery-item__overlay\"><\/div>\n\t\t\t\t\t\t\t\t\t\t\t\t\t\t<\/a>\n\t\t\t\t\t\t\t<a class=\"e-gallery-item elementor-gallery-item elementor-animated-content\" href=\"https:\/\/khainamgroup.com\/wp-content\/uploads\/2024\/07\/z5597367693636_27904615cc2ab4063bd1da73d8ed969c-scaled.jpg\" data-elementor-open-lightbox=\"yes\" data-elementor-lightbox-slideshow=\"315f5f3\" data-elementor-lightbox-title=\"z5597367693636_27904615cc2ab4063bd1da73d8ed969c\" data-e-action-hash=\"#elementor-action%3Aaction%3Dlightbox%26settings%3DeyJpZCI6MTU1NywidXJsIjoiaHR0cHM6XC9cL2toYWluYW1ncm91cC5jb21cL3dwLWNvbnRlbnRcL3VwbG9hZHNcLzIwMjRcLzA3XC96NTU5NzM2NzY5MzYzNl8yNzkwNDYxNWNjMmFiNDA2M2JkMWRhNzNkOGVkOTY5Yy1zY2FsZWQuanBnIiwic2xpZGVzaG93IjoiMzE1ZjVmMyJ9\">\n\t\t\t\t\t<div class=\"e-gallery-image elementor-gallery-item__image\" data-thumbnail=\"https:\/\/khainamgroup.com\/wp-content\/uploads\/2024\/07\/z5597367693636_27904615cc2ab4063bd1da73d8ed969c-300x225.jpg\" data-width=\"300\" data-height=\"225\" aria-label=\"\" role=\"img\" ><\/div>\n\t\t\t\t\t\t\t\t\t\t\t<div class=\"elementor-gallery-item__overlay\"><\/div>\n\t\t\t\t\t\t\t\t\t\t\t\t\t\t<\/a>\n\t\t\t\t\t\t\t<a class=\"e-gallery-item elementor-gallery-item elementor-animated-content\" href=\"https:\/\/khainamgroup.com\/wp-content\/uploads\/2024\/06\/z5481266260597_72b6b050f59fe9ba145de9d3a8530683.jpg\" data-elementor-open-lightbox=\"yes\" data-elementor-lightbox-slideshow=\"315f5f3\" data-elementor-lightbox-title=\"manna farm 002\" data-e-action-hash=\"#elementor-action%3Aaction%3Dlightbox%26settings%3DeyJpZCI6MTQxMiwidXJsIjoiaHR0cHM6XC9cL2toYWluYW1ncm91cC5jb21cL3dwLWNvbnRlbnRcL3VwbG9hZHNcLzIwMjRcLzA2XC96NTQ4MTI2NjI2MDU5N183MmI2YjA1MGY1OWZlOWJhMTQ1ZGU5ZDNhODUzMDY4My5qcGciLCJzbGlkZXNob3ciOiIzMTVmNWYzIn0%3D\">\n\t\t\t\t\t<div class=\"e-gallery-image elementor-gallery-item__image\" data-thumbnail=\"https:\/\/khainamgroup.com\/wp-content\/uploads\/2024\/06\/z5481266260597_72b6b050f59fe9ba145de9d3a8530683-300x225.jpg\" data-width=\"300\" data-height=\"225\" aria-label=\"\" role=\"img\" ><\/div>\n\t\t\t\t\t\t\t\t\t\t\t<div class=\"elementor-gallery-item__overlay\"><\/div>\n\t\t\t\t\t\t\t\t\t\t\t\t\t\t<\/a>\n\t\t\t\t\t\t\t<a class=\"e-gallery-item elementor-gallery-item elementor-animated-content\" href=\"https:\/\/khainamgroup.com\/wp-content\/uploads\/2024\/06\/z5481266260588_58d4583fa4e873771c24c28d7ba3a125.jpg\" data-elementor-open-lightbox=\"yes\" data-elementor-lightbox-slideshow=\"315f5f3\" data-elementor-lightbox-title=\"manna farm 003\" data-e-action-hash=\"#elementor-action%3Aaction%3Dlightbox%26settings%3DeyJpZCI6MTQxMSwidXJsIjoiaHR0cHM6XC9cL2toYWluYW1ncm91cC5jb21cL3dwLWNvbnRlbnRcL3VwbG9hZHNcLzIwMjRcLzA2XC96NTQ4MTI2NjI2MDU4OF81OGQ0NTgzZmE0ZTg3Mzc3MWMyNGMyOGQ3YmEzYTEyNS5qcGciLCJzbGlkZXNob3ciOiIzMTVmNWYzIn0%3D\">\n\t\t\t\t\t<div class=\"e-gallery-image elementor-gallery-item__image\" data-thumbnail=\"https:\/\/khainamgroup.com\/wp-content\/uploads\/2024\/06\/z5481266260588_58d4583fa4e873771c24c28d7ba3a125-300x225.jpg\" data-width=\"300\" data-height=\"225\" aria-label=\"\" role=\"img\" ><\/div>\n\t\t\t\t\t\t\t\t\t\t\t<div class=\"elementor-gallery-item__overlay\"><\/div>\n\t\t\t\t\t\t\t\t\t\t\t\t\t\t<\/a>\n\t\t\t\t\t\t\t<a class=\"e-gallery-item elementor-gallery-item elementor-animated-content\" href=\"https:\/\/khainamgroup.com\/wp-content\/uploads\/2024\/06\/z5481262819867_2e8aaa39c35d6922d0432fe1f533e90a.jpg\" data-elementor-open-lightbox=\"yes\" data-elementor-lightbox-slideshow=\"315f5f3\" data-elementor-lightbox-title=\"manna farm 005\" data-e-action-hash=\"#elementor-action%3Aaction%3Dlightbox%26settings%3DeyJpZCI6MTQwOSwidXJsIjoiaHR0cHM6XC9cL2toYWluYW1ncm91cC5jb21cL3dwLWNvbnRlbnRcL3VwbG9hZHNcLzIwMjRcLzA2XC96NTQ4MTI2MjgxOTg2N18yZThhYWEzOWMzNWQ2OTIyZDA0MzJmZTFmNTMzZTkwYS5qcGciLCJzbGlkZXNob3ciOiIzMTVmNWYzIn0%3D\">\n\t\t\t\t\t<div class=\"e-gallery-image elementor-gallery-item__image\" data-thumbnail=\"https:\/\/khainamgroup.com\/wp-content\/uploads\/2024\/06\/z5481262819867_2e8aaa39c35d6922d0432fe1f533e90a-300x135.jpg\" data-width=\"300\" data-height=\"135\" aria-label=\"\" role=\"img\" ><\/div>\n\t\t\t\t\t\t\t\t\t\t\t<div class=\"elementor-gallery-item__overlay\"><\/div>\n\t\t\t\t\t\t\t\t\t\t\t\t\t\t<\/a>\n\t\t\t\t\t\t\t<a class=\"e-gallery-item elementor-gallery-item elementor-animated-content\" href=\"https:\/\/khainamgroup.com\/wp-content\/uploads\/2024\/06\/z5509592520269_e1dc36eab6a1bad904e88ecce60f22ed.jpg\" data-elementor-open-lightbox=\"yes\" data-elementor-lightbox-slideshow=\"315f5f3\" data-elementor-lightbox-title=\"manna farm 007\" data-e-action-hash=\"#elementor-action%3Aaction%3Dlightbox%26settings%3DeyJpZCI6MTQwNywidXJsIjoiaHR0cHM6XC9cL2toYWluYW1ncm91cC5jb21cL3dwLWNvbnRlbnRcL3VwbG9hZHNcLzIwMjRcLzA2XC96NTUwOTU5MjUyMDI2OV9lMWRjMzZlYWI2YTFiYWQ5MDRlODhlY2NlNjBmMjJlZC5qcGciLCJzbGlkZXNob3ciOiIzMTVmNWYzIn0%3D\">\n\t\t\t\t\t<div class=\"e-gallery-image elementor-gallery-item__image\" data-thumbnail=\"https:\/\/khainamgroup.com\/wp-content\/uploads\/2024\/06\/z5509592520269_e1dc36eab6a1bad904e88ecce60f22ed-169x300.jpg\" data-width=\"169\" data-height=\"300\" aria-label=\"\" role=\"img\" ><\/div>\n\t\t\t\t\t\t\t\t\t\t\t<div class=\"elementor-gallery-item__overlay\"><\/div>\n\t\t\t\t\t\t\t\t\t\t\t\t\t\t<\/a>\n\t\t\t\t\t\t\t<a class=\"e-gallery-item elementor-gallery-item elementor-animated-content\" href=\"https:\/\/khainamgroup.com\/wp-content\/uploads\/2024\/06\/z5509592510923_c0e96bf58964dffcc5a9f57b78557328.jpg\" data-elementor-open-lightbox=\"yes\" data-elementor-lightbox-slideshow=\"315f5f3\" data-elementor-lightbox-title=\"manna farm 010\" data-e-action-hash=\"#elementor-action%3Aaction%3Dlightbox%26settings%3DeyJpZCI6MTQwNCwidXJsIjoiaHR0cHM6XC9cL2toYWluYW1ncm91cC5jb21cL3dwLWNvbnRlbnRcL3VwbG9hZHNcLzIwMjRcLzA2XC96NTUwOTU5MjUxMDkyM19jMGU5NmJmNTg5NjRkZmZjYzVhOWY1N2I3ODU1NzMyOC5qcGciLCJzbGlkZXNob3ciOiIzMTVmNWYzIn0%3D\">\n\t\t\t\t\t<div class=\"e-gallery-image elementor-gallery-item__image\" data-thumbnail=\"https:\/\/khainamgroup.com\/wp-content\/uploads\/2024\/06\/z5509592510923_c0e96bf58964dffcc5a9f57b78557328-300x169.jpg\" data-width=\"300\" data-height=\"169\" aria-label=\"\" role=\"img\" ><\/div>\n\t\t\t\t\t\t\t\t\t\t\t<div class=\"elementor-gallery-item__overlay\"><\/div>\n\t\t\t\t\t\t\t\t\t\t\t\t\t\t<\/a>\n\t\t\t\t\t\t\t<a class=\"e-gallery-item elementor-gallery-item elementor-animated-content\" href=\"https:\/\/khainamgroup.com\/wp-content\/uploads\/2024\/07\/z5598014347656_984d8a0af23c3ba9c04111775cdd92f1-scaled.jpg\" data-elementor-open-lightbox=\"yes\" data-elementor-lightbox-slideshow=\"315f5f3\" data-elementor-lightbox-title=\"z5598014347656_984d8a0af23c3ba9c04111775cdd92f1\" data-e-action-hash=\"#elementor-action%3Aaction%3Dlightbox%26settings%3DeyJpZCI6MTUzNSwidXJsIjoiaHR0cHM6XC9cL2toYWluYW1ncm91cC5jb21cL3dwLWNvbnRlbnRcL3VwbG9hZHNcLzIwMjRcLzA3XC96NTU5ODAxNDM0NzY1Nl85ODRkOGEwYWYyM2MzYmE5YzA0MTExNzc1Y2RkOTJmMS1zY2FsZWQuanBnIiwic2xpZGVzaG93IjoiMzE1ZjVmMyJ9\">\n\t\t\t\t\t<div class=\"e-gallery-image elementor-gallery-item__image\" data-thumbnail=\"https:\/\/khainamgroup.com\/wp-content\/uploads\/2024\/07\/z5598014347656_984d8a0af23c3ba9c04111775cdd92f1-300x225.jpg\" data-width=\"300\" data-height=\"225\" aria-label=\"\" role=\"img\" ><\/div>\n\t\t\t\t\t\t\t\t\t\t\t<div class=\"elementor-gallery-item__overlay\"><\/div>\n\t\t\t\t\t\t\t\t\t\t\t\t\t\t<\/a>\n\t\t\t\t\t\t\t<a class=\"e-gallery-item elementor-gallery-item elementor-animated-content\" href=\"https:\/\/khainamgroup.com\/wp-content\/uploads\/2024\/06\/z5509592515928_876dab27aa472f9465424e01f635d283.jpg\" data-elementor-open-lightbox=\"yes\" data-elementor-lightbox-slideshow=\"315f5f3\" data-elementor-lightbox-title=\"manna farm 008\" data-e-action-hash=\"#elementor-action%3Aaction%3Dlightbox%26settings%3DeyJpZCI6MTQwNiwidXJsIjoiaHR0cHM6XC9cL2toYWluYW1ncm91cC5jb21cL3dwLWNvbnRlbnRcL3VwbG9hZHNcLzIwMjRcLzA2XC96NTUwOTU5MjUxNTkyOF84NzZkYWIyN2FhNDcyZjk0NjU0MjRlMDFmNjM1ZDI4My5qcGciLCJzbGlkZXNob3ciOiIzMTVmNWYzIn0%3D\">\n\t\t\t\t\t<div class=\"e-gallery-image elementor-gallery-item__image\" data-thumbnail=\"https:\/\/khainamgroup.com\/wp-content\/uploads\/2024\/06\/z5509592515928_876dab27aa472f9465424e01f635d283-300x169.jpg\" data-width=\"300\" data-height=\"169\" aria-label=\"\" role=\"img\" ><\/div>\n\t\t\t\t\t\t\t\t\t\t\t<div class=\"elementor-gallery-item__overlay\"><\/div>\n\t\t\t\t\t\t\t\t\t\t\t\t\t\t<\/a>\n\t\t\t\t\t\t\t<a class=\"e-gallery-item elementor-gallery-item elementor-animated-content\" href=\"https:\/\/khainamgroup.com\/wp-content\/uploads\/2024\/07\/z5598014202091_34ad30c155f0a8812339670346ba3a5b-scaled.jpg\" data-elementor-open-lightbox=\"yes\" data-elementor-lightbox-slideshow=\"315f5f3\" data-elementor-lightbox-title=\"z5598014202091_34ad30c155f0a8812339670346ba3a5b\" data-e-action-hash=\"#elementor-action%3Aaction%3Dlightbox%26settings%3DeyJpZCI6MTU0NiwidXJsIjoiaHR0cHM6XC9cL2toYWluYW1ncm91cC5jb21cL3dwLWNvbnRlbnRcL3VwbG9hZHNcLzIwMjRcLzA3XC96NTU5ODAxNDIwMjA5MV8zNGFkMzBjMTU1ZjBhODgxMjMzOTY3MDM0NmJhM2E1Yi1zY2FsZWQuanBnIiwic2xpZGVzaG93IjoiMzE1ZjVmMyJ9\">\n\t\t\t\t\t<div class=\"e-gallery-image elementor-gallery-item__image\" data-thumbnail=\"https:\/\/khainamgroup.com\/wp-content\/uploads\/2024\/07\/z5598014202091_34ad30c155f0a8812339670346ba3a5b-300x225.jpg\" data-width=\"300\" data-height=\"225\" aria-label=\"\" role=\"img\" ><\/div>\n\t\t\t\t\t\t\t\t\t\t\t<div class=\"elementor-gallery-item__overlay\"><\/div>\n\t\t\t\t\t\t\t\t\t\t\t\t\t\t<\/a>\n\t\t\t\t\t\t\t<a class=\"e-gallery-item elementor-gallery-item elementor-animated-content\" href=\"https:\/\/khainamgroup.com\/wp-content\/uploads\/2024\/07\/z5598014273554_3df9ae9afd057ce38f2b17af59d86dcf-scaled.jpg\" data-elementor-open-lightbox=\"yes\" data-elementor-lightbox-slideshow=\"315f5f3\" data-elementor-lightbox-title=\"z5598014273554_3df9ae9afd057ce38f2b17af59d86dcf\" data-e-action-hash=\"#elementor-action%3Aaction%3Dlightbox%26settings%3DeyJpZCI6MTUzNywidXJsIjoiaHR0cHM6XC9cL2toYWluYW1ncm91cC5jb21cL3dwLWNvbnRlbnRcL3VwbG9hZHNcLzIwMjRcLzA3XC96NTU5ODAxNDI3MzU1NF8zZGY5YWU5YWZkMDU3Y2UzOGYyYjE3YWY1OWQ4NmRjZi1zY2FsZWQuanBnIiwic2xpZGVzaG93IjoiMzE1ZjVmMyJ9\">\n\t\t\t\t\t<div class=\"e-gallery-image elementor-gallery-item__image\" data-thumbnail=\"https:\/\/khainamgroup.com\/wp-content\/uploads\/2024\/07\/z5598014273554_3df9ae9afd057ce38f2b17af59d86dcf-300x225.jpg\" data-width=\"300\" data-height=\"225\" aria-label=\"\" role=\"img\" ><\/div>\n\t\t\t\t\t\t\t\t\t\t\t<div class=\"elementor-gallery-item__overlay\"><\/div>\n\t\t\t\t\t\t\t\t\t\t\t\t\t\t<\/a>\n\t\t\t\t\t\t\t<a class=\"e-gallery-item elementor-gallery-item elementor-animated-content\" href=\"https:\/\/khainamgroup.com\/wp-content\/uploads\/2024\/07\/z5597366953426_d1ffb93c31d6126a3d33029a0089c704-scaled.jpg\" data-elementor-open-lightbox=\"yes\" data-elementor-lightbox-slideshow=\"315f5f3\" data-elementor-lightbox-title=\"z5597366953426_d1ffb93c31d6126a3d33029a0089c704\" data-e-action-hash=\"#elementor-action%3Aaction%3Dlightbox%26settings%3DeyJpZCI6MTU1NSwidXJsIjoiaHR0cHM6XC9cL2toYWluYW1ncm91cC5jb21cL3dwLWNvbnRlbnRcL3VwbG9hZHNcLzIwMjRcLzA3XC96NTU5NzM2Njk1MzQyNl9kMWZmYjkzYzMxZDYxMjZhM2QzMzAyOWEwMDg5YzcwNC1zY2FsZWQuanBnIiwic2xpZGVzaG93IjoiMzE1ZjVmMyJ9\">\n\t\t\t\t\t<div class=\"e-gallery-image elementor-gallery-item__image\" data-thumbnail=\"https:\/\/khainamgroup.com\/wp-content\/uploads\/2024\/07\/z5597366953426_d1ffb93c31d6126a3d33029a0089c704-300x225.jpg\" data-width=\"300\" data-height=\"225\" aria-label=\"\" role=\"img\" ><\/div>\n\t\t\t\t\t\t\t\t\t\t\t<div class=\"elementor-gallery-item__overlay\"><\/div>\n\t\t\t\t\t\t\t\t\t\t\t\t\t\t<\/a>\n\t\t\t\t\t\t\t<a class=\"e-gallery-item elementor-gallery-item elementor-animated-content\" href=\"https:\/\/khainamgroup.com\/wp-content\/uploads\/2024\/07\/z5598014258900_43c57363ba6241898f3d09275169bb0e-scaled.jpg\" data-elementor-open-lightbox=\"yes\" data-elementor-lightbox-slideshow=\"315f5f3\" data-elementor-lightbox-title=\"z5598014258900_43c57363ba6241898f3d09275169bb0e\" data-e-action-hash=\"#elementor-action%3Aaction%3Dlightbox%26settings%3DeyJpZCI6MTUzMSwidXJsIjoiaHR0cHM6XC9cL2toYWluYW1ncm91cC5jb21cL3dwLWNvbnRlbnRcL3VwbG9hZHNcLzIwMjRcLzA3XC96NTU5ODAxNDI1ODkwMF80M2M1NzM2M2JhNjI0MTg5OGYzZDA5Mjc1MTY5YmIwZS1zY2FsZWQuanBnIiwic2xpZGVzaG93IjoiMzE1ZjVmMyJ9\">\n\t\t\t\t\t<div class=\"e-gallery-image elementor-gallery-item__image\" data-thumbnail=\"https:\/\/khainamgroup.com\/wp-content\/uploads\/2024\/07\/z5598014258900_43c57363ba6241898f3d09275169bb0e-300x225.jpg\" data-width=\"300\" data-height=\"225\" aria-label=\"\" role=\"img\" ><\/div>\n\t\t\t\t\t\t\t\t\t\t\t<div class=\"elementor-gallery-item__overlay\"><\/div>\n\t\t\t\t\t\t\t\t\t\t\t\t\t\t<\/a>\n\t\t\t\t\t\t\t<a class=\"e-gallery-item elementor-gallery-item elementor-animated-content\" href=\"https:\/\/khainamgroup.com\/wp-content\/uploads\/2024\/07\/z5597365329586_7fceec76778ef42e4adbee600cae14ca.jpg\" data-elementor-open-lightbox=\"yes\" data-elementor-lightbox-slideshow=\"315f5f3\" data-elementor-lightbox-title=\"z5597365329586_7fceec76778ef42e4adbee600cae14ca\" data-e-action-hash=\"#elementor-action%3Aaction%3Dlightbox%26settings%3DeyJpZCI6MTU0OSwidXJsIjoiaHR0cHM6XC9cL2toYWluYW1ncm91cC5jb21cL3dwLWNvbnRlbnRcL3VwbG9hZHNcLzIwMjRcLzA3XC96NTU5NzM2NTMyOTU4Nl83ZmNlZWM3Njc3OGVmNDJlNGFkYmVlNjAwY2FlMTRjYS5qcGciLCJzbGlkZXNob3ciOiIzMTVmNWYzIn0%3D\">\n\t\t\t\t\t<div class=\"e-gallery-image elementor-gallery-item__image\" data-thumbnail=\"https:\/\/khainamgroup.com\/wp-content\/uploads\/2024\/07\/z5597365329586_7fceec76778ef42e4adbee600cae14ca-300x169.jpg\" data-width=\"300\" data-height=\"169\" aria-label=\"\" role=\"img\" ><\/div>\n\t\t\t\t\t\t\t\t\t\t\t<div class=\"elementor-gallery-item__overlay\"><\/div>\n\t\t\t\t\t\t\t\t\t\t\t\t\t\t<\/a>\n\t\t\t\t\t<\/div>\n\t\t\t\t\t<\/div>\n\t\t\t\t<\/div>\n\t\t\t\t\t<\/div>\n\t\t\t\t<\/div>\n\t\t\t\t<\/div>","protected":false},"excerpt":{"rendered":"<p>MANNA FARM At Manna Farm, we grow a variety of vegetables and other ingredients that are integral to our products. [&hellip;]<\/p>","protected":false},"author":2,"featured_media":0,"parent":311,"menu_order":0,"comment_status":"closed","ping_status":"closed","template":"","meta":{"site-sidebar-layout":"no-sidebar","site-content-layout":"","ast-site-content-layout":"full-width-container","site-content-style":"default","site-sidebar-style":"default","ast-global-header-display":"","ast-banner-title-visibility":"","ast-main-header-display":"","ast-hfb-above-header-display":"","ast-hfb-below-header-display":"","ast-hfb-mobile-header-display":"","site-post-title":"disabled","ast-breadcrumbs-content":"","ast-featured-img":"disabled","footer-sml-layout":"","theme-transparent-header-meta":"default","adv-header-id-meta":"","stick-header-meta":"default","header-above-stick-meta":"","header-main-stick-meta":"","header-below-stick-meta":"","astra-migrate-meta-layouts":"set","ast-page-background-enabled":"default","ast-page-background-meta":{"desktop":{"background-color":"var(--ast-global-color-4)","background-image":"","background-repeat":"repeat","background-position":"center center","background-size":"auto","background-attachment":"scroll","background-type":"","background-media":"","overlay-type":"","overlay-color":"","overlay-opacity":"","overlay-gradient":""},"tablet":{"background-color":"","background-image":"","background-repeat":"repeat","background-position":"center center","background-size":"auto","background-attachment":"scroll","background-type":"","background-media":"","overlay-type":"","overlay-color":"","overlay-opacity":"","overlay-gradient":""},"mobile":{"background-color":"","background-image":"","background-repeat":"repeat","background-position":"center center","background-size":"auto","background-attachment":"scroll","background-type":"","background-media":"","overlay-type":"","overlay-color":"","overlay-opacity":"","overlay-gradient":""}},"ast-content-background-meta":{"desktop":{"background-color":"var(--ast-global-color-5)","background-image":"","background-repeat":"repeat","background-position":"center center","background-size":"auto","background-attachment":"scroll","background-type":"","background-media":"","overlay-type":"","overlay-color":"","overlay-opacity":"","overlay-gradient":""},"tablet":{"background-color":"var(--ast-global-color-5)","background-image":"","background-repeat":"repeat","background-position":"center center","background-size":"auto","background-attachment":"scroll","background-type":"","background-media":"","overlay-type":"","overlay-color":"","overlay-opacity":"","overlay-gradient":""},"mobile":{"background-color":"var(--ast-global-color-5)","background-image":"","background-repeat":"repeat","background-position":"center center","background-size":"auto","background-attachment":"scroll","background-type":"","background-media":"","overlay-type":"","overlay-color":"","overlay-opacity":"","overlay-gradient":""}},"footnotes":""},"class_list":["post-1285","page","type-page","status-publish","hentry"],"_links":{"self":[{"href":"https:\/\/khainamgroup.com\/vi\/wp-json\/wp\/v2\/pages\/1285","targetHints":{"allow":["GET"]}}],"collection":[{"href":"https:\/\/khainamgroup.com\/vi\/wp-json\/wp\/v2\/pages"}],"about":[{"href":"https:\/\/khainamgroup.com\/vi\/wp-json\/wp\/v2\/types\/page"}],"author":[{"embeddable":true,"href":"https:\/\/khainamgroup.com\/vi\/wp-json\/wp\/v2\/users\/2"}],"replies":[{"embeddable":true,"href":"https:\/\/khainamgroup.com\/vi\/wp-json\/wp\/v2\/comments?post=1285"}],"version-history":[{"count":30,"href":"https:\/\/khainamgroup.com\/vi\/wp-json\/wp\/v2\/pages\/1285\/revisions"}],"predecessor-version":[{"id":1712,"href":"https:\/\/khainamgroup.com\/vi\/wp-json\/wp\/v2\/pages\/1285\/revisions\/1712"}],"up":[{"embeddable":true,"href":"https:\/\/khainamgroup.com\/vi\/wp-json\/wp\/v2\/pages\/311"}],"wp:attachment":[{"href":"https:\/\/khainamgroup.com\/vi\/wp-json\/wp\/v2\/media?parent=1285"}],"curies":[{"name":"wp","href":"https:\/\/api.w.org\/{rel}","templated":true}]}}