{"id":1283,"date":"2024-06-18T15:23:18","date_gmt":"2024-06-18T08:23:18","guid":{"rendered":"https:\/\/khainamgroup.com\/?page_id=1283"},"modified":"2024-06-19T16:30:19","modified_gmt":"2024-06-19T09:30:19","slug":"agriculture","status":"publish","type":"page","link":"https:\/\/khainamgroup.com\/vi\/our-businesses\/agriculture\/","title":{"rendered":"N\u00d4NG NGHI\u1ec6P"},"content":{"rendered":"<div data-elementor-type=\"wp-page\" data-elementor-id=\"1283\" class=\"elementor elementor-1283\" data-elementor-post-type=\"page\">\n\t\t\t\t<div class=\"elementor-element elementor-element-eb756bc e-flex e-con-boxed e-con e-parent\" data-id=\"eb756bc\" data-element_type=\"container\" data-e-type=\"container\" data-settings=\"{&quot;background_background&quot;:&quot;classic&quot;}\">\n\t\t\t\t\t<div class=\"e-con-inner\">\n\t\t<div class=\"elementor-element elementor-element-e39d1e2 e-con-full e-flex e-con e-child\" data-id=\"e39d1e2\" data-element_type=\"container\" data-e-type=\"container\">\n\t\t\t\t<\/div>\n\t\t\t\t\t<\/div>\n\t\t\t\t<\/div>\n\t\t<div class=\"elementor-element elementor-element-960324d e-flex e-con-boxed e-con e-parent\" data-id=\"960324d\" data-element_type=\"container\" data-e-type=\"container\">\n\t\t\t\t\t<div class=\"e-con-inner\">\n\t\t<div class=\"elementor-element elementor-element-9e4a07e e-con-full e-flex e-con e-child\" data-id=\"9e4a07e\" data-element_type=\"container\" data-e-type=\"container\">\n\t\t<div class=\"elementor-element elementor-element-ec689e6 e-con-full e-flex elementor-invisible e-con e-child\" data-id=\"ec689e6\" data-element_type=\"container\" data-e-type=\"container\" data-settings=\"{&quot;background_background&quot;:&quot;classic&quot;,&quot;animation&quot;:&quot;fadeInLeft&quot;}\">\n\t\t<div class=\"elementor-element elementor-element-c311ccd e-con-full e-flex e-con e-child\" data-id=\"c311ccd\" data-element_type=\"container\" data-e-type=\"container\">\n\t\t\t\t<div class=\"elementor-element elementor-element-a4d5031 elementor-widget elementor-widget-heading\" data-id=\"a4d5031\" data-element_type=\"widget\" data-e-type=\"widget\" data-widget_type=\"heading.default\">\n\t\t\t\t<div class=\"elementor-widget-container\">\n\t\t\t\t\t<h3 class=\"elementor-heading-title elementor-size-default\">T\u1ea1o n\u00ean s\u1ef1 thanh l\u1ecbch t\u1eeb thi\u00ean nhi\u00ean<\/h3>\t\t\t\t<\/div>\n\t\t\t\t<\/div>\n\t\t\t\t<div class=\"elementor-element elementor-element-099074d elementor-widget elementor-widget-text-editor\" data-id=\"099074d\" data-element_type=\"widget\" data-e-type=\"widget\" data-widget_type=\"text-editor.default\">\n\t\t\t\t<div class=\"elementor-widget-container\">\n\t\t\t\t\t\t\t\t\t<p>Kh\u00e1m ph\u00e1 th\u1ebf gi\u1edbi th\u1ee7 c\u00f4ng c\u1ee7a X\u01a1 M\u01b0\u1edbp Vi L\u00e2m, n\u01a1i s\u1ef1 b\u1ec1n v\u1eefng giao thoa v\u1edbi t\u00ednh th\u1ea9m m\u1ef9. X\u01b0\u1edfng s\u1ea3n xu\u1ea5t c\u1ee7a ch\u00fang t\u00f4i, v\u1edbi kho\u1ea3ng 25 c\u00f4ng nh\u00e2n l\u00e0nh ngh\u1ec1, bi\u1ebfn x\u01a1 m\u01b0\u1edbp t\u1ef1 nhi\u00ean th\u00e0nh nh\u1eefng s\u1ea3n ph\u1ea9m nh\u00e0 b\u1ebfp v\u00e0 ph\u00f2ng t\u1eafm tinh x\u1ea3o. \u0110\u01b0\u1ee3c thu ho\u1ea1ch t\u1eeb c\u00e1c trang tr\u1ea1i s\u1eed d\u1ee5ng ph\u01b0\u01a1ng ph\u00e1p canh t\u00e1c b\u1ec1n v\u1eefng c\u1ee7a ch\u00fang t\u00f4i, s\u1ea3n ph\u1ea9m X\u01a1 M\u01b0\u1edbp Vi L\u00e2m l\u00e0 minh ch\u1ee9ng cho cam k\u1ebft s\u1ed1ng xanh v\u00e0 th\u00e2n thi\u1ec7n v\u1edbi m\u00f4i tr\u01b0\u1eddng.<\/p>\t\t\t\t\t\t\t\t<\/div>\n\t\t\t\t<\/div>\n\t\t\t\t<\/div>\n\t\t<div class=\"elementor-element elementor-element-48df3bc e-con-full e-flex e-con e-child\" data-id=\"48df3bc\" data-element_type=\"container\" data-e-type=\"container\">\n\t\t\t\t<div class=\"elementor-element elementor-element-52fd322 elementor-widget elementor-widget-image\" data-id=\"52fd322\" data-element_type=\"widget\" data-e-type=\"widget\" data-widget_type=\"image.default\">\n\t\t\t\t<div class=\"elementor-widget-container\">\n\t\t\t\t\t\t\t\t\t\t\t\t\t\t\t\t<a href=\"https:\/\/xomuopvilam.com\/\" target=\"_blank\" rel=\"noopener\">\n\t\t\t\t\t\t\t<img loading=\"lazy\" decoding=\"async\" width=\"1024\" height=\"768\" src=\"https:\/\/khainamgroup.com\/wp-content\/uploads\/2024\/01\/3.1-vi-lam-loofah-1-1024x768.jpg\" class=\"attachment-large size-large wp-image-342\" alt=\"\" srcset=\"https:\/\/khainamgroup.com\/wp-content\/uploads\/2024\/01\/3.1-vi-lam-loofah-1-1024x768.jpg 1024w, https:\/\/khainamgroup.com\/wp-content\/uploads\/2024\/01\/3.1-vi-lam-loofah-1-300x225.jpg 300w, https:\/\/khainamgroup.com\/wp-content\/uploads\/2024\/01\/3.1-vi-lam-loofah-1-768x576.jpg 768w, https:\/\/khainamgroup.com\/wp-content\/uploads\/2024\/01\/3.1-vi-lam-loofah-1-1536x1152.jpg 1536w, https:\/\/khainamgroup.com\/wp-content\/uploads\/2024\/01\/3.1-vi-lam-loofah-1-2048x1536.jpg 2048w\" sizes=\"auto, (max-width: 1024px) 100vw, 1024px\" \/>\t\t\t\t\t\t\t\t<\/a>\n\t\t\t\t\t\t\t\t\t\t\t\t\t\t\t<\/div>\n\t\t\t\t<\/div>\n\t\t\t\t<\/div>\n\t\t\t\t<\/div>\n\t\t<div class=\"elementor-element elementor-element-e3b01ff e-con-full e-flex elementor-invisible e-con e-child\" data-id=\"e3b01ff\" data-element_type=\"container\" data-e-type=\"container\" data-settings=\"{&quot;background_background&quot;:&quot;classic&quot;,&quot;animation&quot;:&quot;fadeInRight&quot;}\">\n\t\t<div class=\"elementor-element elementor-element-e669e2a e-con-full e-flex e-con e-child\" data-id=\"e669e2a\" data-element_type=\"container\" data-e-type=\"container\">\n\t\t\t\t<div class=\"elementor-element elementor-element-9566ed2 elementor-widget elementor-widget-image\" data-id=\"9566ed2\" data-element_type=\"widget\" data-e-type=\"widget\" data-widget_type=\"image.default\">\n\t\t\t\t<div class=\"elementor-widget-container\">\n\t\t\t\t\t\t\t\t\t\t\t\t\t\t\t\t<a href=\"https:\/\/xomuopvilam.com\/\" target=\"_blank\" rel=\"noopener\">\n\t\t\t\t\t\t\t<img loading=\"lazy\" decoding=\"async\" width=\"768\" height=\"1024\" src=\"https:\/\/khainamgroup.com\/wp-content\/uploads\/2024\/01\/3.2-vi-lam-loofah-2-768x1024.jpg\" class=\"attachment-large size-large wp-image-343\" alt=\"\" srcset=\"https:\/\/khainamgroup.com\/wp-content\/uploads\/2024\/01\/3.2-vi-lam-loofah-2-768x1024.jpg 768w, https:\/\/khainamgroup.com\/wp-content\/uploads\/2024\/01\/3.2-vi-lam-loofah-2-225x300.jpg 225w, https:\/\/khainamgroup.com\/wp-content\/uploads\/2024\/01\/3.2-vi-lam-loofah-2-1152x1536.jpg 1152w, https:\/\/khainamgroup.com\/wp-content\/uploads\/2024\/01\/3.2-vi-lam-loofah-2-1536x2048.jpg 1536w, https:\/\/khainamgroup.com\/wp-content\/uploads\/2024\/01\/3.2-vi-lam-loofah-2.jpg 1920w\" sizes=\"auto, (max-width: 768px) 100vw, 768px\" \/>\t\t\t\t\t\t\t\t<\/a>\n\t\t\t\t\t\t\t\t\t\t\t\t\t\t\t<\/div>\n\t\t\t\t<\/div>\n\t\t\t\t<\/div>\n\t\t<div class=\"elementor-element elementor-element-afc225b e-con-full e-flex e-con e-child\" data-id=\"afc225b\" data-element_type=\"container\" data-e-type=\"container\">\n\t\t\t\t<div class=\"elementor-element elementor-element-20c1a83 elementor-widget elementor-widget-heading\" data-id=\"20c1a83\" data-element_type=\"widget\" data-e-type=\"widget\" data-widget_type=\"heading.default\">\n\t\t\t\t<div class=\"elementor-widget-container\">\n\t\t\t\t\t<h3 class=\"elementor-heading-title elementor-size-default\">Trao quy\u1ec1n cho n\u00f4ng d\u00e2n, h\u1ed7 tr\u1ee3 truy\u1ec1n th\u1ed1ng b\u1ea3n \u0111\u1ecba<\/h3>\t\t\t\t<\/div>\n\t\t\t\t<\/div>\n\t\t\t\t<div class=\"elementor-element elementor-element-be56906 elementor-widget elementor-widget-text-editor\" data-id=\"be56906\" data-element_type=\"widget\" data-e-type=\"widget\" data-widget_type=\"text-editor.default\">\n\t\t\t\t<div class=\"elementor-widget-container\">\n\t\t\t\t\t\t\t\t\t<p>S\u1ef1 h\u1ee3p t\u00e1c c\u1ee7a ch\u00fang t\u00f4i v\u01b0\u1ee3t ra ngo\u00e0i ph\u1ea1m vi nh\u00e0 m\u00e1y. Ch\u00fang t\u00f4i h\u1ee3p t\u00e1c ch\u1eb7t ch\u1ebd v\u1edbi n\u00f4ng d\u00e2n \u0111\u1ecba ph\u01b0\u01a1ng, cung c\u1ea5p cho h\u1ecd ki\u1ebfn th\u1ee9c v\u00e0 ngu\u1ed3n l\u1ef1c \u0111\u1ec3 tr\u1ed3ng x\u01a1 m\u01b0\u1edbp m\u1ed9t c\u00e1ch b\u1ec1n v\u1eefng. \u0110\u1ed5i l\u1ea1i, ch\u00fang t\u00f4i \u0111\u1ea3m b\u1ea3o mua m\u1ecdi s\u1ea3n ph\u1ea9m \u0111\u1ee7 ti\u00eau chu\u1ea9n v\u1edbi m\u1ee9c gi\u00e1 h\u1ee3p l\u00fd, th\u00fac \u0111\u1ea9y chu tr\u00ecnh th\u01b0\u01a1ng m\u1ea1i c\u00f4ng b\u1eb1ng v\u00e0 \u1ed5n \u0111\u1ecbnh n\u00f4ng nghi\u1ec7p. Ngo\u00e0i ra, ch\u00fang t\u00f4i thu h\u00fat c\u00e1c c\u1ed9ng \u0111\u1ed3ng b\u1ea3n \u0111\u1ecba, nh\u01b0 ng\u01b0\u1eddi Khmer \u1edf t\u1ec9nh \u0110\u1ed3ng Nai, \u1ee7ng h\u1ed9 truy\u1ec1n th\u1ed1ng c\u1ee7a h\u1ecd b\u1eb1ng c\u00e1ch thu ho\u1ea1ch x\u01a1 m\u01b0\u1edbp tr\u1ed3ng trong r\u1eebng h\u00e0ng n\u0103m, \u0111\u1ea3m b\u1ea3o b\u1ea3o t\u1ed3n \u0111a d\u1ea1ng sinh h\u1ecdc.<\/p>\t\t\t\t\t\t\t\t<\/div>\n\t\t\t\t<\/div>\n\t\t\t\t<\/div>\n\t\t\t\t<\/div>\n\t\t<div class=\"elementor-element elementor-element-91994e1 e-con-full e-flex elementor-invisible e-con e-child\" data-id=\"91994e1\" data-element_type=\"container\" data-e-type=\"container\" data-settings=\"{&quot;background_background&quot;:&quot;classic&quot;,&quot;animation&quot;:&quot;fadeInLeft&quot;}\">\n\t\t<div class=\"elementor-element elementor-element-5203ecf e-con-full e-flex e-con e-child\" data-id=\"5203ecf\" data-element_type=\"container\" data-e-type=\"container\">\n\t\t\t\t<div class=\"elementor-element elementor-element-ef043e0 elementor-widget elementor-widget-heading\" data-id=\"ef043e0\" data-element_type=\"widget\" data-e-type=\"widget\" data-widget_type=\"heading.default\">\n\t\t\t\t<div class=\"elementor-widget-container\">\n\t\t\t\t\t<h3 class=\"elementor-heading-title elementor-size-default\">S\u00e1ng ch\u00f3i ph\u00e2n h\u1ee7y sinh h\u1ecdc<\/h3>\t\t\t\t<\/div>\n\t\t\t\t<\/div>\n\t\t\t\t<div class=\"elementor-element elementor-element-4dd73f3 elementor-widget elementor-widget-text-editor\" data-id=\"4dd73f3\" data-element_type=\"widget\" data-e-type=\"widget\" data-widget_type=\"text-editor.default\">\n\t\t\t\t<div class=\"elementor-widget-container\">\n\t\t\t\t\t\t\t\t\t<p>S\u1ea3n ph\u1ea9m x\u01a1 m\u01b0\u1edbp V\u1ecb L\u00e2m kh\u00f4ng ch\u1ec9 \u0111\u1eb9p m\u1eaft v\u1ec1 m\u1eb7t h\u00ecnh \u1ea3nh m\u00e0 c\u00f2n c\u00f3 \u00fd th\u1ee9c b\u1ea3o v\u1ec7 m\u00f4i tr\u01b0\u1eddng. B\u1ea3n ch\u1ea5t ph\u00e2n h\u1ee7y sinh h\u1ecdc c\u1ee7a x\u01a1 m\u01b0\u1edbp \u0111\u1ea3m b\u1ea3o r\u1eb1ng m\u1ed7i s\u1ea3n ph\u1ea9m c\u00f3 t\u00e1c \u0111\u1ed9ng t\u1ed1i thi\u1ec3u \u0111\u1ebfn m\u00f4i tr\u01b0\u1eddng. H\u00e3y ch\u1ecdn X\u01a1 m\u01b0\u1edbp Vi L\u00e2m v\u00ec s\u1ef1 sang tr\u1ecdng, ti\u1ec7n \u00edch v\u00e0 cam k\u1ebft v\u00ec m\u1ed9t h\u00e0nh tinh xanh h\u01a1n.<\/p>\t\t\t\t\t\t\t\t<\/div>\n\t\t\t\t<\/div>\n\t\t\t\t<\/div>\n\t\t<div class=\"elementor-element elementor-element-82fd744 e-con-full e-flex e-con e-child\" data-id=\"82fd744\" data-element_type=\"container\" data-e-type=\"container\">\n\t\t\t\t<div class=\"elementor-element elementor-element-4c88f30 elementor-widget elementor-widget-image\" data-id=\"4c88f30\" data-element_type=\"widget\" data-e-type=\"widget\" data-widget_type=\"image.default\">\n\t\t\t\t<div class=\"elementor-widget-container\">\n\t\t\t\t\t\t\t\t\t\t\t\t\t\t\t\t<a href=\"https:\/\/xomuopvilam.com\/\" target=\"_blank\" rel=\"noopener\">\n\t\t\t\t\t\t\t<img loading=\"lazy\" decoding=\"async\" width=\"902\" height=\"1024\" src=\"https:\/\/khainamgroup.com\/wp-content\/uploads\/2024\/01\/3.3-vi-lam-loofah-3-902x1024.jpg\" class=\"attachment-large size-large wp-image-344\" alt=\"\" srcset=\"https:\/\/khainamgroup.com\/wp-content\/uploads\/2024\/01\/3.3-vi-lam-loofah-3-902x1024.jpg 902w, https:\/\/khainamgroup.com\/wp-content\/uploads\/2024\/01\/3.3-vi-lam-loofah-3-264x300.jpg 264w, https:\/\/khainamgroup.com\/wp-content\/uploads\/2024\/01\/3.3-vi-lam-loofah-3-768x871.jpg 768w, https:\/\/khainamgroup.com\/wp-content\/uploads\/2024\/01\/3.3-vi-lam-loofah-3-1354x1536.jpg 1354w, https:\/\/khainamgroup.com\/wp-content\/uploads\/2024\/01\/3.3-vi-lam-loofah-3-1805x2048.jpg 1805w\" sizes=\"auto, (max-width: 902px) 100vw, 902px\" \/>\t\t\t\t\t\t\t\t<\/a>\n\t\t\t\t\t\t\t\t\t\t\t\t\t\t\t<\/div>\n\t\t\t\t<\/div>\n\t\t\t\t<\/div>\n\t\t\t\t<\/div>\n\t\t\t\t<\/div>\n\t\t\t\t\t<\/div>\n\t\t\t\t<\/div>\n\t\t\t\t<\/div>","protected":false},"excerpt":{"rendered":"<p>Crafting Elegance from Nature Delve into the artisanal world of Vi Lam Loofah, where beauty meets sustainability. Our dedicated factory, [&hellip;]<\/p>","protected":false},"author":2,"featured_media":0,"parent":311,"menu_order":0,"comment_status":"closed","ping_status":"closed","template":"","meta":{"site-sidebar-layout":"no-sidebar","site-content-layout":"","ast-site-content-layout":"full-width-container","site-content-style":"default","site-sidebar-style":"default","ast-global-header-display":"","ast-banner-title-visibility":"","ast-main-header-display":"","ast-hfb-above-header-display":"","ast-hfb-below-header-display":"","ast-hfb-mobile-header-display":"","site-post-title":"disabled","ast-breadcrumbs-content":"","ast-featured-img":"disabled","footer-sml-layout":"","theme-transparent-header-meta":"default","adv-header-id-meta":"","stick-header-meta":"default","header-above-stick-meta":"","header-main-stick-meta":"","header-below-stick-meta":"","astra-migrate-meta-layouts":"set","ast-page-background-enabled":"default","ast-page-background-meta":{"desktop":{"background-color":"var(--ast-global-color-4)","background-image":"","background-repeat":"repeat","background-position":"center center","background-size":"auto","background-attachment":"scroll","background-type":"","background-media":"","overlay-type":"","overlay-color":"","overlay-opacity":"","overlay-gradient":""},"tablet":{"background-color":"","background-image":"","background-repeat":"repeat","background-position":"center center","background-size":"auto","background-attachment":"scroll","background-type":"","background-media":"","overlay-type":"","overlay-color":"","overlay-opacity":"","overlay-gradient":""},"mobile":{"background-color":"","background-image":"","background-repeat":"repeat","background-position":"center center","background-size":"auto","background-attachment":"scroll","background-type":"","background-media":"","overlay-type":"","overlay-color":"","overlay-opacity":"","overlay-gradient":""}},"ast-content-background-meta":{"desktop":{"background-color":"var(--ast-global-color-5)","background-image":"","background-repeat":"repeat","background-position":"center center","background-size":"auto","background-attachment":"scroll","background-type":"","background-media":"","overlay-type":"","overlay-color":"","overlay-opacity":"","overlay-gradient":""},"tablet":{"background-color":"var(--ast-global-color-5)","background-image":"","background-repeat":"repeat","background-position":"center center","background-size":"auto","background-attachment":"scroll","background-type":"","background-media":"","overlay-type":"","overlay-color":"","overlay-opacity":"","overlay-gradient":""},"mobile":{"background-color":"var(--ast-global-color-5)","background-image":"","background-repeat":"repeat","background-position":"center center","background-size":"auto","background-attachment":"scroll","background-type":"","background-media":"","overlay-type":"","overlay-color":"","overlay-opacity":"","overlay-gradient":""}},"footnotes":""},"class_list":["post-1283","page","type-page","status-publish","hentry"],"_links":{"self":[{"href":"https:\/\/khainamgroup.com\/vi\/wp-json\/wp\/v2\/pages\/1283","targetHints":{"allow":["GET"]}}],"collection":[{"href":"https:\/\/khainamgroup.com\/vi\/wp-json\/wp\/v2\/pages"}],"about":[{"href":"https:\/\/khainamgroup.com\/vi\/wp-json\/wp\/v2\/types\/page"}],"author":[{"embeddable":true,"href":"https:\/\/khainamgroup.com\/vi\/wp-json\/wp\/v2\/users\/2"}],"replies":[{"embeddable":true,"href":"https:\/\/khainamgroup.com\/vi\/wp-json\/wp\/v2\/comments?post=1283"}],"version-history":[{"count":13,"href":"https:\/\/khainamgroup.com\/vi\/wp-json\/wp\/v2\/pages\/1283\/revisions"}],"predecessor-version":[{"id":1475,"href":"https:\/\/khainamgroup.com\/vi\/wp-json\/wp\/v2\/pages\/1283\/revisions\/1475"}],"up":[{"embeddable":true,"href":"https:\/\/khainamgroup.com\/vi\/wp-json\/wp\/v2\/pages\/311"}],"wp:attachment":[{"href":"https:\/\/khainamgroup.com\/vi\/wp-json\/wp\/v2\/media?parent=1283"}],"curies":[{"name":"wp","href":"https:\/\/api.w.org\/{rel}","templated":true}]}}